{"id":20279,"date":"2025-12-17T06:46:37","date_gmt":"2025-12-17T05:46:37","guid":{"rendered":"https:\/\/olilagaiana.com\/?post_type=product&#038;p=20279"},"modified":"2025-12-17T06:50:39","modified_gmt":"2025-12-17T05:50:39","slug":"aceite-la-gaiana-solidario","status":"publish","type":"product","link":"https:\/\/olilagaiana.com\/es\/producto\/aceite-la-gaiana-solidario\/","title":{"rendered":"Aceite La Gaiana Solidario"},"content":{"rendered":"<p data-start=\"55\" data-end=\"380\">Descubre la esencia de nuestra tierra con nuestro Aceite de Oliva Virgen Extra Valenciano, un producto de alta calidad que refleja la tradici\u00f3n y el saber hacer de nuestros agricultores. Elaborado a partir de aceitunas seleccionadas de las mejores variedades aut\u00f3ctonas, este aceite destaca por su frescura y sabor intenso.<\/p>\n<p data-start=\"387\" data-end=\"711\">Adem\u00e1s, una parte de cada compra se destinar\u00e1 a <strong data-start=\"435\" data-end=\"449\">Farmamundi<\/strong>, la ONG valenciana que trabaja para mejorar la salud y la atenci\u00f3n humanitaria de las personas m\u00e1s vulnerables. Con esta botella no solo llevas a casa un aceite de edici\u00f3n coleccionista, sino que tambi\u00e9n colaboras directamente en una causa que transforma vidas.<\/p>\n<p style=\"text-align: center;\"><strong>COSECHA NOVIEMBRE 2024<\/strong><\/p>\n<p style=\"text-align: center;\"><strong>1650 BOTELLAS EXCLUSIVAS<\/strong><\/p>\n<p style=\"text-align: center;\"><strong>Contenido neto: 500ml<\/strong><\/p>\n<p style=\"text-align: center;\"><strong>Consumir pref. antes de: 12-2026<\/strong><\/p>\n<p>&nbsp;<\/p>\n<div class=\"wp-block-image\">\n<div class=\"wp-block-image\"><img decoding=\"async\" class=\"lazyload wpa-warning wpa-image-missing-alt alignnone size-fusion-600 wp-image-20249\" src=\"https:\/\/olilagaiana.com\/wp-content\/uploads\/2025\/12\/AF_LAGAIANA_20251117_Trasera_Gran-1-600x757.jpg\" data-orig-src=\"https:\/\/olilagaiana.com\/wp-content\/uploads\/2025\/12\/AF_LAGAIANA_20251117_Trasera_Gran-1-600x757.jpg\" alt=\"\" width=\"600\" height=\"757\" data-warning=\"Missing alt text\" srcset=\"data:image\/svg+xml,%3Csvg%20xmlns%3D%27http%3A%2F%2Fwww.w3.org%2F2000%2Fsvg%27%20width%3D%27600%27%20height%3D%27757%27%20viewBox%3D%270%200%20600%20757%27%3E%3Crect%20width%3D%27600%27%20height%3D%27757%27%20fill-opacity%3D%220%22%2F%3E%3C%2Fsvg%3E\" data-srcset=\"https:\/\/olilagaiana.com\/wp-content\/uploads\/2025\/12\/AF_LAGAIANA_20251117_Trasera_Gran-1-200x252.jpg 200w, https:\/\/olilagaiana.com\/wp-content\/uploads\/2025\/12\/AF_LAGAIANA_20251117_Trasera_Gran-1-238x300.jpg 238w, https:\/\/olilagaiana.com\/wp-content\/uploads\/2025\/12\/AF_LAGAIANA_20251117_Trasera_Gran-1-400x505.jpg 400w, https:\/\/olilagaiana.com\/wp-content\/uploads\/2025\/12\/AF_LAGAIANA_20251117_Trasera_Gran-1-500x631.jpg 500w, https:\/\/olilagaiana.com\/wp-content\/uploads\/2025\/12\/AF_LAGAIANA_20251117_Trasera_Gran-1-600x757.jpg 600w, https:\/\/olilagaiana.com\/wp-content\/uploads\/2025\/12\/AF_LAGAIANA_20251117_Trasera_Gran-1-700x884.jpg 700w, https:\/\/olilagaiana.com\/wp-content\/uploads\/2025\/12\/AF_LAGAIANA_20251117_Trasera_Gran-1-768x970.jpg 768w, https:\/\/olilagaiana.com\/wp-content\/uploads\/2025\/12\/AF_LAGAIANA_20251117_Trasera_Gran-1-800x1010.jpg 800w, https:\/\/olilagaiana.com\/wp-content\/uploads\/2025\/12\/AF_LAGAIANA_20251117_Trasera_Gran-1-811x1024.jpg 811w, https:\/\/olilagaiana.com\/wp-content\/uploads\/2025\/12\/AF_LAGAIANA_20251117_Trasera_Gran-1.jpg 1048w\" data-sizes=\"auto\" data-orig-sizes=\"(max-width: 600px) 100vw, 600px\" \/><\/div>\n<\/div>\n","protected":false},"excerpt":{"rendered":"<p>Aceite de Oliva Virgen Extra Valenciano de la tierra <a class=\"continue\" href=\"https:\/\/olilagaiana.com\/es\/producto\/aceite-la-gaiana-solidario\/\">Continuar<span> Aceite La Gaiana Solidario<\/span><\/a><\/p>\n","protected":false},"featured_media":20295,"comment_status":"open","ping_status":"closed","template":"","meta":[],"product_brand":[],"product_cat":[294],"product_tag":[317],"class_list":{"0":"post-20279","1":"product","2":"type-product","3":"status-publish","4":"has-post-thumbnail","6":"product_cat-sin-categoria","7":"product_tag-oli-es","8":"pa_botellas-1u-es","9":"pa_botellas-2u-es","10":"pa_botellas-3u-es","12":"first","13":"instock","14":"taxable","15":"shipping-taxable","16":"purchasable","17":"product-type-simple"},"yoast_head":"<!-- This site is optimized with the Yoast SEO plugin v25.2 - https:\/\/yoast.com\/wordpress\/plugins\/seo\/ -->\n<title>Aceite La Gaiana - Olilagaiana - Tienda de aceite de oliva virgen extra<\/title>\n<meta name=\"description\" content=\"Un producto de alta calidad que refleja la tradici\u00f3n y el saber hacer de nuestros agricultores.\" \/>\n<meta name=\"robots\" content=\"index, follow, max-snippet:-1, max-image-preview:large, max-video-preview:-1\" \/>\n<link rel=\"canonical\" href=\"https:\/\/olilagaiana.com\/es\/producto\/aceite-la-gaiana-solidario\/\" \/>\n<meta property=\"og:locale\" content=\"es_ES\" \/>\n<meta property=\"og:type\" content=\"article\" \/>\n<meta property=\"og:title\" content=\"Aceite La Gaiana - Olilagaiana - Tienda de aceite de oliva virgen extra\" \/>\n<meta property=\"og:description\" content=\"Un producto de alta calidad que refleja la tradici\u00f3n y el saber hacer de nuestros agricultores.\" \/>\n<meta property=\"og:url\" content=\"https:\/\/olilagaiana.com\/es\/producto\/aceite-la-gaiana-solidario\/\" \/>\n<meta property=\"og:site_name\" content=\"Olilagaiana - Tienda de aceite de oliva virgen extra\" \/>\n<meta property=\"article:modified_time\" content=\"2025-12-17T05:50:39+00:00\" \/>\n<meta property=\"og:image\" content=\"https:\/\/olilagaiana.com\/wp-content\/uploads\/2025\/12\/WhatsApp-Image-2025-12-05-at-11.33.41.jpeg\" \/>\n\t<meta property=\"og:image:width\" content=\"853\" \/>\n\t<meta property=\"og:image:height\" content=\"1280\" \/>\n\t<meta property=\"og:image:type\" content=\"image\/jpeg\" \/>\n<meta name=\"twitter:card\" content=\"summary_large_image\" \/>\n<meta name=\"twitter:label1\" content=\"Tiempo de lectura\" \/>\n\t<meta name=\"twitter:data1\" content=\"1 minuto\" \/>\n<script type=\"application\/ld+json\" class=\"yoast-schema-graph\">{\"@context\":\"https:\/\/schema.org\",\"@graph\":[{\"@type\":\"WebPage\",\"@id\":\"https:\/\/olilagaiana.com\/es\/producto\/aceite-la-gaiana-solidario\/\",\"url\":\"https:\/\/olilagaiana.com\/es\/producto\/aceite-la-gaiana-solidario\/\",\"name\":\"Aceite La Gaiana - Olilagaiana - Tienda de aceite de oliva virgen extra\",\"isPartOf\":{\"@id\":\"https:\/\/olilagaiana.com\/#website\"},\"primaryImageOfPage\":{\"@id\":\"https:\/\/olilagaiana.com\/es\/producto\/aceite-la-gaiana-solidario\/#primaryimage\"},\"image\":{\"@id\":\"https:\/\/olilagaiana.com\/es\/producto\/aceite-la-gaiana-solidario\/#primaryimage\"},\"thumbnailUrl\":\"https:\/\/olilagaiana.com\/wp-content\/uploads\/2025\/12\/WhatsApp-Image-2025-12-05-at-11.33.48-1.jpeg\",\"datePublished\":\"2025-12-17T05:46:37+00:00\",\"dateModified\":\"2025-12-17T05:50:39+00:00\",\"description\":\"Un producto de alta calidad que refleja la tradici\u00f3n y el saber hacer de nuestros agricultores.\",\"breadcrumb\":{\"@id\":\"https:\/\/olilagaiana.com\/es\/producto\/aceite-la-gaiana-solidario\/#breadcrumb\"},\"inLanguage\":\"es\",\"potentialAction\":[{\"@type\":\"ReadAction\",\"target\":[\"https:\/\/olilagaiana.com\/es\/producto\/aceite-la-gaiana-solidario\/\"]}]},{\"@type\":\"ImageObject\",\"inLanguage\":\"es\",\"@id\":\"https:\/\/olilagaiana.com\/es\/producto\/aceite-la-gaiana-solidario\/#primaryimage\",\"url\":\"https:\/\/olilagaiana.com\/wp-content\/uploads\/2025\/12\/WhatsApp-Image-2025-12-05-at-11.33.48-1.jpeg\",\"contentUrl\":\"https:\/\/olilagaiana.com\/wp-content\/uploads\/2025\/12\/WhatsApp-Image-2025-12-05-at-11.33.48-1.jpeg\",\"width\":853,\"height\":1280},{\"@type\":\"BreadcrumbList\",\"@id\":\"https:\/\/olilagaiana.com\/es\/producto\/aceite-la-gaiana-solidario\/#breadcrumb\",\"itemListElement\":[{\"@type\":\"ListItem\",\"position\":1,\"name\":\"Portada\",\"item\":\"https:\/\/olilagaiana.com\/es\/\"},{\"@type\":\"ListItem\",\"position\":2,\"name\":\"Productos\",\"item\":\"https:\/\/olilagaiana.com\/shop\/\"},{\"@type\":\"ListItem\",\"position\":3,\"name\":\"Aceite La Gaiana Solidario\"}]},{\"@type\":\"WebSite\",\"@id\":\"https:\/\/olilagaiana.com\/#website\",\"url\":\"https:\/\/olilagaiana.com\/\",\"name\":\"Olilagaiana - Tienda de aceite de oliva virgen extra\",\"description\":\"Compra on line en Tienda de Aove, regala Aove\",\"potentialAction\":[{\"@type\":\"SearchAction\",\"target\":{\"@type\":\"EntryPoint\",\"urlTemplate\":\"https:\/\/olilagaiana.com\/?s={search_term_string}\"},\"query-input\":{\"@type\":\"PropertyValueSpecification\",\"valueRequired\":true,\"valueName\":\"search_term_string\"}}],\"inLanguage\":\"es\"},{\"@type\":\"ImageObject\",\"inLanguage\":\"es\",\"@id\":\"https:\/\/olilagaiana.com\/es\/producto\/aceite-la-gaiana-solidario\/#local-main-organization-logo\",\"url\":\"\",\"contentUrl\":\"\",\"caption\":\"Olilagaiana - Tienda de aceite de oliva virgen extra\"}]}<\/script>\n<!-- \/ Yoast SEO plugin. -->","yoast_head_json":{"title":"Aceite La Gaiana - Olilagaiana - Tienda de aceite de oliva virgen extra","description":"Un producto de alta calidad que refleja la tradici\u00f3n y el saber hacer de nuestros agricultores.","robots":{"index":"index","follow":"follow","max-snippet":"max-snippet:-1","max-image-preview":"max-image-preview:large","max-video-preview":"max-video-preview:-1"},"canonical":"https:\/\/olilagaiana.com\/es\/producto\/aceite-la-gaiana-solidario\/","og_locale":"es_ES","og_type":"article","og_title":"Aceite La Gaiana - Olilagaiana - Tienda de aceite de oliva virgen extra","og_description":"Un producto de alta calidad que refleja la tradici\u00f3n y el saber hacer de nuestros agricultores.","og_url":"https:\/\/olilagaiana.com\/es\/producto\/aceite-la-gaiana-solidario\/","og_site_name":"Olilagaiana - Tienda de aceite de oliva virgen extra","article_modified_time":"2025-12-17T05:50:39+00:00","og_image":[{"width":853,"height":1280,"url":"https:\/\/olilagaiana.com\/wp-content\/uploads\/2025\/12\/WhatsApp-Image-2025-12-05-at-11.33.41.jpeg","type":"image\/jpeg"}],"twitter_card":"summary_large_image","twitter_misc":{"Tiempo de lectura":"1 minuto"},"schema":{"@context":"https:\/\/schema.org","@graph":[{"@type":"WebPage","@id":"https:\/\/olilagaiana.com\/es\/producto\/aceite-la-gaiana-solidario\/","url":"https:\/\/olilagaiana.com\/es\/producto\/aceite-la-gaiana-solidario\/","name":"Aceite La Gaiana - Olilagaiana - Tienda de aceite de oliva virgen extra","isPartOf":{"@id":"https:\/\/olilagaiana.com\/#website"},"primaryImageOfPage":{"@id":"https:\/\/olilagaiana.com\/es\/producto\/aceite-la-gaiana-solidario\/#primaryimage"},"image":{"@id":"https:\/\/olilagaiana.com\/es\/producto\/aceite-la-gaiana-solidario\/#primaryimage"},"thumbnailUrl":"https:\/\/olilagaiana.com\/wp-content\/uploads\/2025\/12\/WhatsApp-Image-2025-12-05-at-11.33.48-1.jpeg","datePublished":"2025-12-17T05:46:37+00:00","dateModified":"2025-12-17T05:50:39+00:00","description":"Un producto de alta calidad que refleja la tradici\u00f3n y el saber hacer de nuestros agricultores.","breadcrumb":{"@id":"https:\/\/olilagaiana.com\/es\/producto\/aceite-la-gaiana-solidario\/#breadcrumb"},"inLanguage":"es","potentialAction":[{"@type":"ReadAction","target":["https:\/\/olilagaiana.com\/es\/producto\/aceite-la-gaiana-solidario\/"]}]},{"@type":"ImageObject","inLanguage":"es","@id":"https:\/\/olilagaiana.com\/es\/producto\/aceite-la-gaiana-solidario\/#primaryimage","url":"https:\/\/olilagaiana.com\/wp-content\/uploads\/2025\/12\/WhatsApp-Image-2025-12-05-at-11.33.48-1.jpeg","contentUrl":"https:\/\/olilagaiana.com\/wp-content\/uploads\/2025\/12\/WhatsApp-Image-2025-12-05-at-11.33.48-1.jpeg","width":853,"height":1280},{"@type":"BreadcrumbList","@id":"https:\/\/olilagaiana.com\/es\/producto\/aceite-la-gaiana-solidario\/#breadcrumb","itemListElement":[{"@type":"ListItem","position":1,"name":"Portada","item":"https:\/\/olilagaiana.com\/es\/"},{"@type":"ListItem","position":2,"name":"Productos","item":"https:\/\/olilagaiana.com\/shop\/"},{"@type":"ListItem","position":3,"name":"Aceite La Gaiana Solidario"}]},{"@type":"WebSite","@id":"https:\/\/olilagaiana.com\/#website","url":"https:\/\/olilagaiana.com\/","name":"Olilagaiana - Tienda de aceite de oliva virgen extra","description":"Compra on line en Tienda de Aove, regala Aove","potentialAction":[{"@type":"SearchAction","target":{"@type":"EntryPoint","urlTemplate":"https:\/\/olilagaiana.com\/?s={search_term_string}"},"query-input":{"@type":"PropertyValueSpecification","valueRequired":true,"valueName":"search_term_string"}}],"inLanguage":"es"},{"@type":"ImageObject","inLanguage":"es","@id":"https:\/\/olilagaiana.com\/es\/producto\/aceite-la-gaiana-solidario\/#local-main-organization-logo","url":"","contentUrl":"","caption":"Olilagaiana - Tienda de aceite de oliva virgen extra"}]}},"jetpack_sharing_enabled":true,"_links":{"self":[{"href":"https:\/\/olilagaiana.com\/es\/wp-json\/wp\/v2\/product\/20279","targetHints":{"allow":["GET"]}}],"collection":[{"href":"https:\/\/olilagaiana.com\/es\/wp-json\/wp\/v2\/product"}],"about":[{"href":"https:\/\/olilagaiana.com\/es\/wp-json\/wp\/v2\/types\/product"}],"replies":[{"embeddable":true,"href":"https:\/\/olilagaiana.com\/es\/wp-json\/wp\/v2\/comments?post=20279"}],"wp:featuredmedia":[{"embeddable":true,"href":"https:\/\/olilagaiana.com\/es\/wp-json\/wp\/v2\/media\/20295"}],"wp:attachment":[{"href":"https:\/\/olilagaiana.com\/es\/wp-json\/wp\/v2\/media?parent=20279"}],"wp:term":[{"taxonomy":"product_brand","embeddable":true,"href":"https:\/\/olilagaiana.com\/es\/wp-json\/wp\/v2\/product_brand?post=20279"},{"taxonomy":"product_cat","embeddable":true,"href":"https:\/\/olilagaiana.com\/es\/wp-json\/wp\/v2\/product_cat?post=20279"},{"taxonomy":"product_tag","embeddable":true,"href":"https:\/\/olilagaiana.com\/es\/wp-json\/wp\/v2\/product_tag?post=20279"}],"curies":[{"name":"wp","href":"https:\/\/api.w.org\/{rel}","templated":true}]}}