{"id":19903,"date":"2025-04-06T10:44:08","date_gmt":"2025-04-06T08:44:08","guid":{"rendered":"https:\/\/olilagaiana.com\/tienda-aove-valencia\/"},"modified":"2025-06-06T11:45:36","modified_gmt":"2025-06-06T09:45:36","slug":"tienda-aove-valencia","status":"publish","type":"page","link":"https:\/\/olilagaiana.com\/es\/tienda-aove-valencia\/","title":{"rendered":"Tienda AOVE Val\u00e8ncia"},"content":{"rendered":"<p><div class=\"fusion-fullwidth fullwidth-box fusion-builder-row-1 fusion-flex-container has-pattern-background has-mask-background nonhundred-percent-fullwidth non-hundred-percent-height-scrolling\" style=\"--awb-border-radius-top-left:0px;--awb-border-radius-top-right:0px;--awb-border-radius-bottom-right:0px;--awb-border-radius-bottom-left:0px;--awb-margin-top:30px;--awb-flex-wrap:wrap;\" ><div class=\"fusion-builder-row fusion-row fusion-flex-align-items-flex-start fusion-flex-content-wrap\" style=\"max-width:1268.8px;margin-left: calc(-4% \/ 2 );margin-right: calc(-4% \/ 2 );\"><div class=\"fusion-layout-column fusion_builder_column fusion-builder-column-0 fusion_builder_column_1_2 1_2 fusion-flex-column fusion-flex-align-self-stretch\" style=\"--awb-bg-size:cover;--awb-width-large:50%;--awb-margin-top-large:0px;--awb-spacing-right-large:3.84%;--awb-margin-bottom-large:20px;--awb-spacing-left-large:3.84%;--awb-width-medium:50%;--awb-order-medium:0;--awb-spacing-right-medium:3.84%;--awb-spacing-left-medium:3.84%;--awb-width-small:100%;--awb-order-small:0;--awb-spacing-right-small:1.92%;--awb-spacing-left-small:1.92%;\" data-scroll-devices=\"small-visibility,medium-visibility,large-visibility\"><div class=\"fusion-column-wrapper lazyload fusion-column-has-shadow fusion-flex-justify-content-flex-start fusion-content-layout-column fusion-empty-column-bg-image fusion-column-has-bg-image\" data-bg-url=\"https:\/\/olilagaiana.com\/wp-content\/uploads\/2025\/04\/DS28729.jpg\" data-bg=\"https:\/\/olilagaiana.com\/wp-content\/uploads\/2025\/04\/DS28729.jpg\"><img decoding=\"async\" class=\"fusion-empty-dims-img-placeholder\" aria-label=\"La Gaiana\" src=\"data:image\/svg+xml,%3Csvg%20xmlns%3D%27http%3A%2F%2Fwww.w3.org%2F2000%2Fsvg%27%20width%3D%271067%27%20height%3D%271600%27%20viewBox%3D%270%200%201067%201600%27%3E%3Crect%20width%3D%271067%27%20height%3D%271600%27%20fill-opacity%3D%220%22%2F%3E%3C%2Fsvg%3E\"><\/div><\/div><div class=\"fusion-layout-column fusion_builder_column fusion-builder-column-1 fusion_builder_column_1_2 1_2 fusion-flex-column fusion-flex-align-self-stretch\" style=\"--awb-bg-size:cover;--awb-width-large:50%;--awb-margin-top-large:0px;--awb-spacing-right-large:3.84%;--awb-margin-bottom-large:20px;--awb-spacing-left-large:3.84%;--awb-width-medium:50%;--awb-order-medium:0;--awb-spacing-right-medium:3.84%;--awb-spacing-left-medium:3.84%;--awb-width-small:100%;--awb-order-small:0;--awb-spacing-right-small:1.92%;--awb-spacing-left-small:1.92%;\" data-scroll-devices=\"small-visibility,medium-visibility,large-visibility\"><div class=\"fusion-column-wrapper fusion-column-has-shadow fusion-flex-justify-content-center fusion-content-layout-column\"><div class=\"fusion-title title fusion-title-1 fusion-sep-none fusion-title-text fusion-title-size-three\"><h3 class=\"fusion-title-heading title-heading-left fusion-responsive-typography-calculated\" style=\"margin:0;--fontSize:43;line-height:var(--awb-typography1-line-height);\">Tu tienda AOVE en Val\u00e8ncia: compra aceite de oliva virgen extra de proximidad y calidad<\/h3><\/div><div class=\"fusion-text fusion-text-1\"><p>Buscas una tienda AOVE en Val\u00e8ncia donde encontrar un aceite de oliva virgen extra realmente aut\u00e9ntico, saludable y artesanal? A Aceite Lagaiana te ofrecemos una experiencia completa: una tienda en l\u00ednea con aceite de calidad, elaborado directamente en l&#8217;Horta Norte de Val\u00e8ncia por manos que estiman la tierra.<\/p>\n<p>Nuestros olivos, cultivadas de manera sostenible, nos dan un fruto que recogemos a mano y prensamos en fr\u00edo para preservar todas sus propiedades. El resultado es un aceite de oliva virgen extra valenciano de sabor equilibrado y fresco, ideal para una cocina saludable y mediterr\u00e1nea. Comprar en nuestra tienda no es solo adquirir un producto; es apoyar el territorio, la tradici\u00f3n y un modelo agr\u00edcola responsable.<\/p>\n<\/div><div ><a class=\"fusion-button button-flat fusion-button-default-size button-default fusion-button-default button-1 fusion-button-default-span fusion-button-default-type\" target=\"_self\" href=\"https:\/\/olilagaiana.com\/es\/botiga\/\"><span class=\"fusion-button-text awb-button__text awb-button__text--default\">Ver mas<\/span><\/a><\/div><\/div><\/div><\/div><\/div><div class=\"fusion-fullwidth fullwidth-box fusion-builder-row-2 fusion-flex-container has-pattern-background has-mask-background nonhundred-percent-fullwidth non-hundred-percent-height-scrolling\" style=\"--awb-border-radius-top-left:0px;--awb-border-radius-top-right:0px;--awb-border-radius-bottom-right:0px;--awb-border-radius-bottom-left:0px;--awb-margin-top:30px;--awb-flex-wrap:wrap;\" ><div class=\"fusion-builder-row fusion-row fusion-flex-align-items-flex-start fusion-flex-content-wrap\" style=\"max-width:1268.8px;margin-left: calc(-4% \/ 2 );margin-right: calc(-4% \/ 2 );\"><div class=\"fusion-layout-column fusion_builder_column fusion-builder-column-2 fusion_builder_column_1_2 1_2 fusion-flex-column fusion-flex-align-self-stretch\" style=\"--awb-bg-size:cover;--awb-width-large:50%;--awb-margin-top-large:0px;--awb-spacing-right-large:3.84%;--awb-margin-bottom-large:20px;--awb-spacing-left-large:3.84%;--awb-width-medium:50%;--awb-order-medium:0;--awb-spacing-right-medium:3.84%;--awb-spacing-left-medium:3.84%;--awb-width-small:100%;--awb-order-small:0;--awb-spacing-right-small:1.92%;--awb-spacing-left-small:1.92%;\" data-scroll-devices=\"small-visibility,medium-visibility,large-visibility\"><div class=\"fusion-column-wrapper fusion-column-has-shadow fusion-flex-justify-content-center fusion-content-layout-column\"><div class=\"fusion-title title fusion-title-2 fusion-sep-none fusion-title-text fusion-title-size-three\"><h3 class=\"fusion-title-heading title-heading-left fusion-responsive-typography-calculated\" style=\"margin:0;--fontSize:43;line-height:var(--awb-typography1-line-height);\">Tienda en l\u00ednea de aceite de oliva virgen extra con env\u00edos en toda Espa\u00f1a<\/h3><\/div><div class=\"fusion-text fusion-text-2\"><p>Desde nuestra tienda en l\u00ednea AOVE Val\u00e8ncia, puedes comprar con total comodidad el aut\u00e9ntico aceite de oliva virgen extra valenciano directamente del productor. Enviamos en todo el Estado espa\u00f1ol con embalaje seguro y sostenible para que recibas tu aceite en perfectas condiciones.<\/p>\n<p>Te ofrecemos diferentes formatos: botellas de vidrio, garrafas familiares o packs de regalo ideales para forofos a la gastronom\u00eda o para ocasiones especiales. Adem\u00e1s, cada pedido incluye informaci\u00f3n sobre el origen del producto, la variedad de la oliva y recomendaciones de uso culinario.<\/p>\n<p>Nos caracterizamos por una atenci\u00f3n al cliente pr\u00f3xima y personalizada. Si tienes dudas sobre qu\u00e9 aceite elegir o como utilizarlo, nuestro equipo estar\u00e1 encantado de asesorarte.<\/p>\n<\/div><\/div><\/div><div class=\"fusion-layout-column fusion_builder_column fusion-builder-column-3 fusion_builder_column_1_2 1_2 fusion-flex-column fusion-flex-align-self-stretch\" style=\"--awb-bg-size:cover;--awb-width-large:50%;--awb-margin-top-large:0px;--awb-spacing-right-large:3.84%;--awb-margin-bottom-large:20px;--awb-spacing-left-large:3.84%;--awb-width-medium:50%;--awb-order-medium:0;--awb-spacing-right-medium:3.84%;--awb-spacing-left-medium:3.84%;--awb-width-small:100%;--awb-order-small:0;--awb-spacing-right-small:1.92%;--awb-spacing-left-small:1.92%;\" data-scroll-devices=\"small-visibility,medium-visibility,large-visibility\"><div class=\"fusion-column-wrapper lazyload fusion-column-has-shadow fusion-flex-justify-content-flex-start fusion-content-layout-column fusion-empty-column-bg-image fusion-column-has-bg-image\" data-bg-url=\"https:\/\/olilagaiana.com\/wp-content\/uploads\/2025\/04\/DS101386.jpg\" data-bg=\"https:\/\/olilagaiana.com\/wp-content\/uploads\/2025\/04\/DS101386.jpg\"><img decoding=\"async\" class=\"fusion-empty-dims-img-placeholder\" aria-label=\"La Gaiana\" src=\"data:image\/svg+xml,%3Csvg%20xmlns%3D%27http%3A%2F%2Fwww.w3.org%2F2000%2Fsvg%27%20width%3D%271067%27%20height%3D%271600%27%20viewBox%3D%270%200%201067%201600%27%3E%3Crect%20width%3D%271067%27%20height%3D%271600%27%20fill-opacity%3D%220%22%2F%3E%3C%2Fsvg%3E\"><\/div><\/div><\/div><\/div><div class=\"fusion-fullwidth fullwidth-box fusion-builder-row-3 fusion-flex-container has-pattern-background has-mask-background nonhundred-percent-fullwidth non-hundred-percent-height-scrolling\" style=\"--awb-border-radius-top-left:0px;--awb-border-radius-top-right:0px;--awb-border-radius-bottom-right:0px;--awb-border-radius-bottom-left:0px;--awb-margin-top:30px;--awb-flex-wrap:wrap;\" ><div class=\"fusion-builder-row fusion-row fusion-flex-align-items-flex-start fusion-flex-content-wrap\" style=\"max-width:1268.8px;margin-left: calc(-4% \/ 2 );margin-right: calc(-4% \/ 2 );\"><div class=\"fusion-layout-column fusion_builder_column fusion-builder-column-4 fusion_builder_column_1_2 1_2 fusion-flex-column fusion-flex-align-self-stretch\" style=\"--awb-bg-size:cover;--awb-width-large:50%;--awb-margin-top-large:0px;--awb-spacing-right-large:3.84%;--awb-margin-bottom-large:20px;--awb-spacing-left-large:3.84%;--awb-width-medium:50%;--awb-order-medium:0;--awb-spacing-right-medium:3.84%;--awb-spacing-left-medium:3.84%;--awb-width-small:100%;--awb-order-small:0;--awb-spacing-right-small:1.92%;--awb-spacing-left-small:1.92%;\" data-scroll-devices=\"small-visibility,medium-visibility,large-visibility\"><div class=\"fusion-column-wrapper lazyload fusion-column-has-shadow fusion-flex-justify-content-flex-start fusion-content-layout-column fusion-empty-column-bg-image fusion-column-has-bg-image\" data-bg-url=\"https:\/\/olilagaiana.com\/wp-content\/uploads\/2025\/04\/PROVA-IA.jpeg\" data-bg=\"https:\/\/olilagaiana.com\/wp-content\/uploads\/2025\/04\/PROVA-IA.jpeg\"><img decoding=\"async\" class=\"fusion-empty-dims-img-placeholder\" aria-label=\"Prova Ia\" src=\"data:image\/svg+xml,%3Csvg%20xmlns%3D%27http%3A%2F%2Fwww.w3.org%2F2000%2Fsvg%27%20width%3D%271024%27%20height%3D%271024%27%20viewBox%3D%270%200%201024%201024%27%3E%3Crect%20width%3D%271024%27%20height%3D%271024%27%20fill-opacity%3D%220%22%2F%3E%3C%2Fsvg%3E\"><\/div><\/div><div class=\"fusion-layout-column fusion_builder_column fusion-builder-column-5 fusion_builder_column_1_2 1_2 fusion-flex-column fusion-flex-align-self-stretch\" style=\"--awb-bg-size:cover;--awb-width-large:50%;--awb-margin-top-large:0px;--awb-spacing-right-large:3.84%;--awb-margin-bottom-large:20px;--awb-spacing-left-large:3.84%;--awb-width-medium:50%;--awb-order-medium:0;--awb-spacing-right-medium:3.84%;--awb-spacing-left-medium:3.84%;--awb-width-small:100%;--awb-order-small:0;--awb-spacing-right-small:1.92%;--awb-spacing-left-small:1.92%;\" data-scroll-devices=\"small-visibility,medium-visibility,large-visibility\"><div class=\"fusion-column-wrapper fusion-column-has-shadow fusion-flex-justify-content-center fusion-content-layout-column\"><div class=\"fusion-title title fusion-title-3 fusion-sep-none fusion-title-text fusion-title-size-three\"><h3 class=\"fusion-title-heading title-heading-left fusion-responsive-typography-calculated\" style=\"margin:0;--fontSize:43;line-height:var(--awb-typography1-line-height);\">Comprom\u00eds con la calidad y la sostenibilidad: m\u00e1s que una tienda, un proyecto de vida<\/h3><\/div><div class=\"fusion-text fusion-text-3\"><p>A diferencia otras tiendas AOVE, a Aceite Lagaiana apostamos por una agricultura responsable y por el respecto a los ciclos de la natura. Nuestros campos peque\u00f1os se riegan con agua de la Real Acequia de Moncada y formamos parte activa de la defensa de la agricultura de proximidad.<\/p>\n<p>Cada botella de aceite que vendemos es el reflejo de un proyecto familiar que apuesta por el territorio y que quiere compartir contigo el sabor real del AOVE valenciano. Compramos directamente a quienes cultivan, elaboramos y embotellamos el producto, sin intermediarios ni procesos industriales.<\/p>\n<\/div><\/div><\/div><\/div><\/div><\/p>\n","protected":false},"excerpt":{"rendered":"","protected":false},"author":37,"featured_media":0,"parent":0,"menu_order":0,"comment_status":"closed","ping_status":"closed","template":"100-width.php","meta":{"footnotes":""},"class_list":["post-19903","page","type-page","status-publish","hentry"],"yoast_head":"<!-- This site is optimized with the Yoast SEO plugin v25.2 - https:\/\/yoast.com\/wordpress\/plugins\/seo\/ -->\n<title>Tienda AOVE Val\u00e8ncia | Aceite de oliva virgen extra artesanal<\/title>\n<meta name=\"description\" content=\"Compra aceite de oliva virgen extra a la tienda AOVE de Val\u00e8ncia. Producto artesano, sostenible y valenciano. Env\u00edos r\u00e1pidos y atenci\u00f3n directa del productor.\" \/>\n<meta name=\"robots\" content=\"index, follow, max-snippet:-1, max-image-preview:large, max-video-preview:-1\" \/>\n<link rel=\"canonical\" href=\"https:\/\/olilagaiana.com\/botiga-aove-valencia\/\" \/>\n<meta property=\"og:locale\" content=\"es_ES\" \/>\n<meta property=\"og:type\" content=\"article\" \/>\n<meta property=\"og:title\" content=\"Tienda AOVE Val\u00e8ncia | Aceite de oliva virgen extra artesanal\" \/>\n<meta property=\"og:description\" content=\"Compra aceite de oliva virgen extra a la tienda AOVE de Val\u00e8ncia. Producto artesano, sostenible y valenciano. Env\u00edos r\u00e1pidos y atenci\u00f3n directa del productor.\" \/>\n<meta property=\"og:url\" content=\"https:\/\/olilagaiana.com\/botiga-aove-valencia\/\" \/>\n<meta property=\"og:site_name\" content=\"Olilagaiana - Tienda de aceite de oliva virgen extra\" \/>\n<meta property=\"article:modified_time\" content=\"2025-06-06T09:45:36+00:00\" \/>\n<meta name=\"twitter:card\" content=\"summary_large_image\" \/>\n<meta name=\"twitter:label1\" content=\"Tiempo de lectura\" \/>\n\t<meta name=\"twitter:data1\" content=\"31 minutos\" \/>\n<script type=\"application\/ld+json\" class=\"yoast-schema-graph\">{\"@context\":\"https:\/\/schema.org\",\"@graph\":[{\"@type\":\"WebPage\",\"@id\":\"https:\/\/olilagaiana.com\/botiga-aove-valencia\/\",\"url\":\"https:\/\/olilagaiana.com\/botiga-aove-valencia\/\",\"name\":\"Tienda AOVE Val\u00e8ncia | Aceite de oliva virgen extra artesanal\",\"isPartOf\":{\"@id\":\"https:\/\/olilagaiana.com\/#website\"},\"datePublished\":\"2025-04-06T08:44:08+00:00\",\"dateModified\":\"2025-06-06T09:45:36+00:00\",\"description\":\"Compra aceite de oliva virgen extra a la tienda AOVE de Val\u00e8ncia. Producto artesano, sostenible y valenciano. Env\u00edos r\u00e1pidos y atenci\u00f3n directa del productor.\",\"breadcrumb\":{\"@id\":\"https:\/\/olilagaiana.com\/botiga-aove-valencia\/#breadcrumb\"},\"inLanguage\":\"es\",\"potentialAction\":[{\"@type\":\"ReadAction\",\"target\":[\"https:\/\/olilagaiana.com\/botiga-aove-valencia\/\"]}]},{\"@type\":\"BreadcrumbList\",\"@id\":\"https:\/\/olilagaiana.com\/botiga-aove-valencia\/#breadcrumb\",\"itemListElement\":[{\"@type\":\"ListItem\",\"position\":1,\"name\":\"Portada\",\"item\":\"https:\/\/olilagaiana.com\/es\/\"},{\"@type\":\"ListItem\",\"position\":2,\"name\":\"Tienda AOVE Val\u00e8ncia\"}]},{\"@type\":\"WebSite\",\"@id\":\"https:\/\/olilagaiana.com\/#website\",\"url\":\"https:\/\/olilagaiana.com\/\",\"name\":\"Olilagaiana - Tienda de aceite de oliva virgen extra\",\"description\":\"Compra on line en Tienda de Aove, regala Aove\",\"potentialAction\":[{\"@type\":\"SearchAction\",\"target\":{\"@type\":\"EntryPoint\",\"urlTemplate\":\"https:\/\/olilagaiana.com\/?s={search_term_string}\"},\"query-input\":{\"@type\":\"PropertyValueSpecification\",\"valueRequired\":true,\"valueName\":\"search_term_string\"}}],\"inLanguage\":\"es\"},{\"@type\":\"ImageObject\",\"inLanguage\":\"es\",\"@id\":\"https:\/\/olilagaiana.com\/botiga-aove-valencia\/#local-main-organization-logo\",\"url\":\"\",\"contentUrl\":\"\",\"caption\":\"Olilagaiana - Tienda de aceite de oliva virgen extra\"}]}<\/script>\n<!-- \/ Yoast SEO plugin. -->","yoast_head_json":{"title":"Tienda AOVE Val\u00e8ncia | Aceite de oliva virgen extra artesanal","description":"Compra aceite de oliva virgen extra a la tienda AOVE de Val\u00e8ncia. Producto artesano, sostenible y valenciano. Env\u00edos r\u00e1pidos y atenci\u00f3n directa del productor.","robots":{"index":"index","follow":"follow","max-snippet":"max-snippet:-1","max-image-preview":"max-image-preview:large","max-video-preview":"max-video-preview:-1"},"canonical":"https:\/\/olilagaiana.com\/botiga-aove-valencia\/","og_locale":"es_ES","og_type":"article","og_title":"Tienda AOVE Val\u00e8ncia | Aceite de oliva virgen extra artesanal","og_description":"Compra aceite de oliva virgen extra a la tienda AOVE de Val\u00e8ncia. Producto artesano, sostenible y valenciano. Env\u00edos r\u00e1pidos y atenci\u00f3n directa del productor.","og_url":"https:\/\/olilagaiana.com\/botiga-aove-valencia\/","og_site_name":"Olilagaiana - Tienda de aceite de oliva virgen extra","article_modified_time":"2025-06-06T09:45:36+00:00","twitter_card":"summary_large_image","twitter_misc":{"Tiempo de lectura":"31 minutos"},"schema":{"@context":"https:\/\/schema.org","@graph":[{"@type":"WebPage","@id":"https:\/\/olilagaiana.com\/botiga-aove-valencia\/","url":"https:\/\/olilagaiana.com\/botiga-aove-valencia\/","name":"Tienda AOVE Val\u00e8ncia | Aceite de oliva virgen extra artesanal","isPartOf":{"@id":"https:\/\/olilagaiana.com\/#website"},"datePublished":"2025-04-06T08:44:08+00:00","dateModified":"2025-06-06T09:45:36+00:00","description":"Compra aceite de oliva virgen extra a la tienda AOVE de Val\u00e8ncia. Producto artesano, sostenible y valenciano. Env\u00edos r\u00e1pidos y atenci\u00f3n directa del productor.","breadcrumb":{"@id":"https:\/\/olilagaiana.com\/botiga-aove-valencia\/#breadcrumb"},"inLanguage":"es","potentialAction":[{"@type":"ReadAction","target":["https:\/\/olilagaiana.com\/botiga-aove-valencia\/"]}]},{"@type":"BreadcrumbList","@id":"https:\/\/olilagaiana.com\/botiga-aove-valencia\/#breadcrumb","itemListElement":[{"@type":"ListItem","position":1,"name":"Portada","item":"https:\/\/olilagaiana.com\/es\/"},{"@type":"ListItem","position":2,"name":"Tienda AOVE Val\u00e8ncia"}]},{"@type":"WebSite","@id":"https:\/\/olilagaiana.com\/#website","url":"https:\/\/olilagaiana.com\/","name":"Olilagaiana - Tienda de aceite de oliva virgen extra","description":"Compra on line en Tienda de Aove, regala Aove","potentialAction":[{"@type":"SearchAction","target":{"@type":"EntryPoint","urlTemplate":"https:\/\/olilagaiana.com\/?s={search_term_string}"},"query-input":{"@type":"PropertyValueSpecification","valueRequired":true,"valueName":"search_term_string"}}],"inLanguage":"es"},{"@type":"ImageObject","inLanguage":"es","@id":"https:\/\/olilagaiana.com\/botiga-aove-valencia\/#local-main-organization-logo","url":"","contentUrl":"","caption":"Olilagaiana - Tienda de aceite de oliva virgen extra"}]}},"jetpack_sharing_enabled":true,"_links":{"self":[{"href":"https:\/\/olilagaiana.com\/es\/wp-json\/wp\/v2\/pages\/19903","targetHints":{"allow":["GET"]}}],"collection":[{"href":"https:\/\/olilagaiana.com\/es\/wp-json\/wp\/v2\/pages"}],"about":[{"href":"https:\/\/olilagaiana.com\/es\/wp-json\/wp\/v2\/types\/page"}],"author":[{"embeddable":true,"href":"https:\/\/olilagaiana.com\/es\/wp-json\/wp\/v2\/users\/37"}],"replies":[{"embeddable":true,"href":"https:\/\/olilagaiana.com\/es\/wp-json\/wp\/v2\/comments?post=19903"}],"version-history":[{"count":4,"href":"https:\/\/olilagaiana.com\/es\/wp-json\/wp\/v2\/pages\/19903\/revisions"}],"predecessor-version":[{"id":19952,"href":"https:\/\/olilagaiana.com\/es\/wp-json\/wp\/v2\/pages\/19903\/revisions\/19952"}],"wp:attachment":[{"href":"https:\/\/olilagaiana.com\/es\/wp-json\/wp\/v2\/media?parent=19903"}],"curies":[{"name":"wp","href":"https:\/\/api.w.org\/{rel}","templated":true}]}}