{"id":19900,"date":"2025-05-06T10:39:06","date_gmt":"2025-05-06T08:39:06","guid":{"rendered":"https:\/\/olilagaiana.com\/aove-valencia\/"},"modified":"2025-06-06T11:35:27","modified_gmt":"2025-06-06T09:35:27","slug":"aove-valencia","status":"publish","type":"page","link":"https:\/\/olilagaiana.com\/es\/aove-valencia\/","title":{"rendered":"AOVE Val\u00e8ncia"},"content":{"rendered":"<p><div class=\"fusion-fullwidth fullwidth-box fusion-builder-row-1 fusion-flex-container has-pattern-background has-mask-background nonhundred-percent-fullwidth non-hundred-percent-height-scrolling\" style=\"--awb-border-radius-top-left:0px;--awb-border-radius-top-right:0px;--awb-border-radius-bottom-right:0px;--awb-border-radius-bottom-left:0px;--awb-margin-top:30px;--awb-flex-wrap:wrap;\" ><div class=\"fusion-builder-row fusion-row fusion-flex-align-items-flex-start fusion-flex-content-wrap\" style=\"max-width:1268.8px;margin-left: calc(-4% \/ 2 );margin-right: calc(-4% \/ 2 );\"><div class=\"fusion-layout-column fusion_builder_column fusion-builder-column-0 fusion_builder_column_1_2 1_2 fusion-flex-column fusion-flex-align-self-stretch\" style=\"--awb-bg-size:cover;--awb-width-large:50%;--awb-margin-top-large:0px;--awb-spacing-right-large:3.84%;--awb-margin-bottom-large:20px;--awb-spacing-left-large:3.84%;--awb-width-medium:50%;--awb-order-medium:0;--awb-spacing-right-medium:3.84%;--awb-spacing-left-medium:3.84%;--awb-width-small:100%;--awb-order-small:0;--awb-spacing-right-small:1.92%;--awb-spacing-left-small:1.92%;\" data-scroll-devices=\"small-visibility,medium-visibility,large-visibility\"><div class=\"fusion-column-wrapper lazyload fusion-column-has-shadow fusion-flex-justify-content-flex-start fusion-content-layout-column fusion-empty-column-bg-image fusion-column-has-bg-image\" data-bg-url=\"https:\/\/olilagaiana.com\/wp-content\/uploads\/2025\/04\/DS101397.jpg\" data-bg=\"https:\/\/olilagaiana.com\/wp-content\/uploads\/2025\/04\/DS101397.jpg\"><img decoding=\"async\" class=\"fusion-empty-dims-img-placeholder\" aria-label=\"La Gaiana\" src=\"data:image\/svg+xml,%3Csvg%20xmlns%3D%27http%3A%2F%2Fwww.w3.org%2F2000%2Fsvg%27%20width%3D%271067%27%20height%3D%271600%27%20viewBox%3D%270%200%201067%201600%27%3E%3Crect%20width%3D%271067%27%20height%3D%271600%27%20fill-opacity%3D%220%22%2F%3E%3C%2Fsvg%3E\"><\/div><\/div><div class=\"fusion-layout-column fusion_builder_column fusion-builder-column-1 fusion_builder_column_1_2 1_2 fusion-flex-column fusion-flex-align-self-stretch\" style=\"--awb-bg-size:cover;--awb-width-large:50%;--awb-margin-top-large:0px;--awb-spacing-right-large:3.84%;--awb-margin-bottom-large:20px;--awb-spacing-left-large:3.84%;--awb-width-medium:50%;--awb-order-medium:0;--awb-spacing-right-medium:3.84%;--awb-spacing-left-medium:3.84%;--awb-width-small:100%;--awb-order-small:0;--awb-spacing-right-small:1.92%;--awb-spacing-left-small:1.92%;\" data-scroll-devices=\"small-visibility,medium-visibility,large-visibility\"><div class=\"fusion-column-wrapper fusion-column-has-shadow fusion-flex-justify-content-center fusion-content-layout-column\"><div class=\"fusion-title title fusion-title-1 fusion-sep-none fusion-title-text fusion-title-size-three\"><h3 class=\"fusion-title-heading title-heading-left fusion-responsive-typography-calculated\" style=\"margin:0;--fontSize:43;line-height:var(--awb-typography1-line-height);\">Descubre el mejor AOVE de Val\u00e8ncia con el sabor aut\u00e9ntico de nuestra tierra<\/h3><\/div><div class=\"fusion-text fusion-text-1\"><p>Cuando hablamos de AOVE Val\u00e8ncia, hablamos de un aceite que va mucho m\u00e1s all\u00e1 del sabor: hablamos de identidad, de territorio y de compromiso con la calidad. A Aceite Lagaiana, trabajamos cada d\u00eda para ofrecer un aceite de oliva virgen extra valenciano que conserva la esencia de nuestra huerta, elaborado artesanalmente y con t\u00e9cnicas tradicionales que respetan tanto el medio ambiente como la cultura agraria local.<\/p>\n<p>Situados a Roca-Meliana, en el coraz\u00f3n de l&#8217;Horta Norte, nuestros olivos se nutren de una tierra f\u00e9rtil y de un clima privilegiado muy pr\u00f3ximo al Mediterr\u00e1neo. Este entorno \u00fanico mujer como resultado un aceite con matissos equilibrados, frescos y afrutados, ideal para todo tipo de platos. Nuestro AOVE se recolecta a mano en el momento \u00f3ptimo y se prensa en fr\u00edo pocas horas despu\u00e9s para preservar todas sus propiedades nutricionales y sensoriales.<\/p>\n<\/div><div ><a class=\"fusion-button button-flat fusion-button-default-size button-default fusion-button-default button-1 fusion-button-default-span fusion-button-default-type\" target=\"_self\" href=\"https:\/\/olilagaiana.com\/es\/botiga\/\"><span class=\"fusion-button-text awb-button__text awb-button__text--default\">Ver mas<\/span><\/a><\/div><\/div><\/div><\/div><\/div><div class=\"fusion-fullwidth fullwidth-box fusion-builder-row-2 fusion-flex-container has-pattern-background has-mask-background nonhundred-percent-fullwidth non-hundred-percent-height-scrolling\" style=\"--awb-border-radius-top-left:0px;--awb-border-radius-top-right:0px;--awb-border-radius-bottom-right:0px;--awb-border-radius-bottom-left:0px;--awb-margin-top:30px;--awb-flex-wrap:wrap;\" ><div class=\"fusion-builder-row fusion-row fusion-flex-align-items-flex-start fusion-flex-content-wrap\" style=\"max-width:1268.8px;margin-left: calc(-4% \/ 2 );margin-right: calc(-4% \/ 2 );\"><div class=\"fusion-layout-column fusion_builder_column fusion-builder-column-2 fusion_builder_column_1_2 1_2 fusion-flex-column fusion-flex-align-self-stretch\" style=\"--awb-bg-size:cover;--awb-width-large:50%;--awb-margin-top-large:0px;--awb-spacing-right-large:3.84%;--awb-margin-bottom-large:20px;--awb-spacing-left-large:3.84%;--awb-width-medium:50%;--awb-order-medium:0;--awb-spacing-right-medium:3.84%;--awb-spacing-left-medium:3.84%;--awb-width-small:100%;--awb-order-small:0;--awb-spacing-right-small:1.92%;--awb-spacing-left-small:1.92%;\" data-scroll-devices=\"small-visibility,medium-visibility,large-visibility\"><div class=\"fusion-column-wrapper fusion-column-has-shadow fusion-flex-justify-content-center fusion-content-layout-column\"><div class=\"fusion-title title fusion-title-2 fusion-sep-none fusion-title-text fusion-title-size-three\"><h3 class=\"fusion-title-heading title-heading-left fusion-responsive-typography-calculated\" style=\"margin:0;--fontSize:43;line-height:var(--awb-typography1-line-height);\">Aceite de oliva virgen extra valenciano: tradici\u00f3n, sostenibilidad y excelencia<\/h3><\/div><div class=\"fusion-text fusion-text-2\"><p>El AOVE valenciano elaborado por Aceite Lagaiana representa la fusi\u00f3n perfecta entre tradici\u00f3n e innovaci\u00f3n sostenible. Mantenemos las pr\u00e1cticas agr\u00edcolas que han pasado de generaci\u00f3n en generaci\u00f3n, pero incorporando una mirada ecol\u00f3gica y responsable que asegura la preservaci\u00f3n de nuestro entorno. Apostamos por una agricultura de peque\u00f1a escala, con rotaci\u00f3n de cultivos y sin el uso de pesticidas qu\u00edmicos, regados con agua de la Real Acequia de Moncada, s\u00edmbolo vivo del patrimonio valenciano.<\/p>\n<p>Nuestra producci\u00f3n no solo est\u00e1 centrada en la calidad organol\u00e9ptica del producto, sino tambi\u00e9n en su capacidad para generar salud. El alto contenido en polifenols, grasas saludables y antioxidantes naturales convierten nuestro aceite en un aut\u00e9ntico aliado para una alimentaci\u00f3n equilibrada. Cada botella que sale de nuestro obrador contiene una historia, un paisaje y una pasi\u00f3n que puedes disfrutar desde la primera gota.<\/p>\n<\/div><\/div><\/div><div class=\"fusion-layout-column fusion_builder_column fusion-builder-column-3 fusion_builder_column_1_2 1_2 fusion-flex-column fusion-flex-align-self-stretch\" style=\"--awb-bg-size:cover;--awb-width-large:50%;--awb-margin-top-large:0px;--awb-spacing-right-large:3.84%;--awb-margin-bottom-large:20px;--awb-spacing-left-large:3.84%;--awb-width-medium:50%;--awb-order-medium:0;--awb-spacing-right-medium:3.84%;--awb-spacing-left-medium:3.84%;--awb-width-small:100%;--awb-order-small:0;--awb-spacing-right-small:1.92%;--awb-spacing-left-small:1.92%;\" data-scroll-devices=\"small-visibility,medium-visibility,large-visibility\"><div class=\"fusion-column-wrapper lazyload fusion-column-has-shadow fusion-flex-justify-content-flex-start fusion-content-layout-column fusion-empty-column-bg-image fusion-column-has-bg-image\" data-bg-url=\"https:\/\/olilagaiana.com\/wp-content\/uploads\/2025\/04\/DS28708.jpg\" data-bg=\"https:\/\/olilagaiana.com\/wp-content\/uploads\/2025\/04\/DS28708.jpg\"><img decoding=\"async\" class=\"fusion-empty-dims-img-placeholder\" aria-label=\"La Gaiana\" src=\"data:image\/svg+xml,%3Csvg%20xmlns%3D%27http%3A%2F%2Fwww.w3.org%2F2000%2Fsvg%27%20width%3D%271067%27%20height%3D%271600%27%20viewBox%3D%270%200%201067%201600%27%3E%3Crect%20width%3D%271067%27%20height%3D%271600%27%20fill-opacity%3D%220%22%2F%3E%3C%2Fsvg%3E\"><\/div><\/div><\/div><\/div><div class=\"fusion-fullwidth fullwidth-box fusion-builder-row-3 fusion-flex-container has-pattern-background has-mask-background nonhundred-percent-fullwidth non-hundred-percent-height-scrolling\" style=\"--awb-border-radius-top-left:0px;--awb-border-radius-top-right:0px;--awb-border-radius-bottom-right:0px;--awb-border-radius-bottom-left:0px;--awb-margin-top:30px;--awb-flex-wrap:wrap;\" ><div class=\"fusion-builder-row fusion-row fusion-flex-align-items-flex-start fusion-flex-content-wrap\" style=\"max-width:1268.8px;margin-left: calc(-4% \/ 2 );margin-right: calc(-4% \/ 2 );\"><div class=\"fusion-layout-column fusion_builder_column fusion-builder-column-4 fusion_builder_column_1_2 1_2 fusion-flex-column fusion-flex-align-self-stretch\" style=\"--awb-bg-size:cover;--awb-width-large:50%;--awb-margin-top-large:0px;--awb-spacing-right-large:3.84%;--awb-margin-bottom-large:20px;--awb-spacing-left-large:3.84%;--awb-width-medium:50%;--awb-order-medium:0;--awb-spacing-right-medium:3.84%;--awb-spacing-left-medium:3.84%;--awb-width-small:100%;--awb-order-small:0;--awb-spacing-right-small:1.92%;--awb-spacing-left-small:1.92%;\" data-scroll-devices=\"small-visibility,medium-visibility,large-visibility\"><div class=\"fusion-column-wrapper lazyload fusion-column-has-shadow fusion-flex-justify-content-flex-start fusion-content-layout-column fusion-empty-column-bg-image fusion-column-has-bg-image\" data-bg-url=\"https:\/\/olilagaiana.com\/wp-content\/uploads\/2025\/04\/DS101349.jpg\" data-bg=\"https:\/\/olilagaiana.com\/wp-content\/uploads\/2025\/04\/DS101349.jpg\"><img decoding=\"async\" class=\"fusion-empty-dims-img-placeholder\" aria-label=\"La Gaiana\" src=\"data:image\/svg+xml,%3Csvg%20xmlns%3D%27http%3A%2F%2Fwww.w3.org%2F2000%2Fsvg%27%20width%3D%271067%27%20height%3D%271600%27%20viewBox%3D%270%200%201067%201600%27%3E%3Crect%20width%3D%271067%27%20height%3D%271600%27%20fill-opacity%3D%220%22%2F%3E%3C%2Fsvg%3E\"><\/div><\/div><div class=\"fusion-layout-column fusion_builder_column fusion-builder-column-5 fusion_builder_column_1_2 1_2 fusion-flex-column fusion-flex-align-self-stretch\" style=\"--awb-bg-size:cover;--awb-width-large:50%;--awb-margin-top-large:0px;--awb-spacing-right-large:3.84%;--awb-margin-bottom-large:20px;--awb-spacing-left-large:3.84%;--awb-width-medium:50%;--awb-order-medium:0;--awb-spacing-right-medium:3.84%;--awb-spacing-left-medium:3.84%;--awb-width-small:100%;--awb-order-small:0;--awb-spacing-right-small:1.92%;--awb-spacing-left-small:1.92%;\" data-scroll-devices=\"small-visibility,medium-visibility,large-visibility\"><div class=\"fusion-column-wrapper fusion-column-has-shadow fusion-flex-justify-content-center fusion-content-layout-column\"><div class=\"fusion-title title fusion-title-3 fusion-sep-none fusion-title-text fusion-title-size-three\"><h3 class=\"fusion-title-heading title-heading-left fusion-responsive-typography-calculated\" style=\"margin:0;--fontSize:43;line-height:var(--awb-typography1-line-height);\">Compra AOVE valenciano directamente del productor y forma parte del cambio<\/h3><\/div><div class=\"fusion-text fusion-text-3\"><p>A Aceite Lagaiana puedes comprar tu AOVE valenciano directamente, sin intermediarios, a trav\u00e9s de nuestra tienda en l\u00ednea. Esto no solo te garantiza un producto fresco y acabado de producir, sino que tambi\u00e9n te permite contribuir directamente con la econom\u00eda local y con un proyecto de vida que apuesta por la tierra, las personas y la calidad.<\/p>\n<p>Nuestra gama de productos incluye formatos variados para adaptarse en diferentes necesidades: desde botellas de 500 ml para el consumo diario hasta garrafas familiares y packs para regalar, ideales para personas que valoran los productos aut\u00e9nticos. Con cada pedido, cuidamos hasta el m\u00ednimo detalle para garantizar que el aceite llego en perfectas condiciones y con una experiencia de compra c\u00e1lida, pr\u00f3xima y humana.<\/p>\n<\/div><\/div><\/div><\/div><\/div><\/p>\n","protected":false},"excerpt":{"rendered":"","protected":false},"author":37,"featured_media":0,"parent":0,"menu_order":0,"comment_status":"closed","ping_status":"closed","template":"100-width.php","meta":{"footnotes":""},"class_list":["post-19900","page","type-page","status-publish","hentry"],"yoast_head":"<!-- This site is optimized with the Yoast SEO plugin v25.2 - https:\/\/yoast.com\/wordpress\/plugins\/seo\/ -->\n<title>AOVE Val\u00e8ncia | Compra aceite de oliva virgen extra artesanal<\/title>\n<meta name=\"description\" content=\"Descubre el mejor AOVE de Val\u00e8ncia. Aceite de oliva virgen extra artesanal, saludable y sostenible. Compra en l\u00ednea directamente del productor en l&#039;Horta de Val\u00e8ncia.\" \/>\n<meta name=\"robots\" content=\"index, follow, max-snippet:-1, max-image-preview:large, max-video-preview:-1\" \/>\n<link rel=\"canonical\" href=\"https:\/\/olilagaiana.com\/aove-valencia\/\" \/>\n<meta property=\"og:locale\" content=\"es_ES\" \/>\n<meta property=\"og:type\" content=\"article\" \/>\n<meta property=\"og:title\" content=\"AOVE Val\u00e8ncia | Compra aceite de oliva virgen extra artesanal\" \/>\n<meta property=\"og:description\" content=\"Descubre el mejor AOVE de Val\u00e8ncia. Aceite de oliva virgen extra artesanal, saludable y sostenible. Compra en l\u00ednea directamente del productor en l&#039;Horta de Val\u00e8ncia.\" \/>\n<meta property=\"og:url\" content=\"https:\/\/olilagaiana.com\/aove-valencia\/\" \/>\n<meta property=\"og:site_name\" content=\"Olilagaiana - Tienda de aceite de oliva virgen extra\" \/>\n<meta property=\"article:modified_time\" content=\"2025-06-06T09:35:27+00:00\" \/>\n<meta name=\"twitter:card\" content=\"summary_large_image\" \/>\n<meta name=\"twitter:label1\" content=\"Tiempo de lectura\" \/>\n\t<meta name=\"twitter:data1\" content=\"31 minutos\" \/>\n<script type=\"application\/ld+json\" class=\"yoast-schema-graph\">{\"@context\":\"https:\/\/schema.org\",\"@graph\":[{\"@type\":\"WebPage\",\"@id\":\"https:\/\/olilagaiana.com\/aove-valencia\/\",\"url\":\"https:\/\/olilagaiana.com\/aove-valencia\/\",\"name\":\"AOVE Val\u00e8ncia | Compra aceite de oliva virgen extra artesanal\",\"isPartOf\":{\"@id\":\"https:\/\/olilagaiana.com\/#website\"},\"datePublished\":\"2025-05-06T08:39:06+00:00\",\"dateModified\":\"2025-06-06T09:35:27+00:00\",\"description\":\"Descubre el mejor AOVE de Val\u00e8ncia. Aceite de oliva virgen extra artesanal, saludable y sostenible. Compra en l\u00ednea directamente del productor en l'Horta de Val\u00e8ncia.\",\"breadcrumb\":{\"@id\":\"https:\/\/olilagaiana.com\/aove-valencia\/#breadcrumb\"},\"inLanguage\":\"es\",\"potentialAction\":[{\"@type\":\"ReadAction\",\"target\":[\"https:\/\/olilagaiana.com\/aove-valencia\/\"]}]},{\"@type\":\"BreadcrumbList\",\"@id\":\"https:\/\/olilagaiana.com\/aove-valencia\/#breadcrumb\",\"itemListElement\":[{\"@type\":\"ListItem\",\"position\":1,\"name\":\"Portada\",\"item\":\"https:\/\/olilagaiana.com\/es\/\"},{\"@type\":\"ListItem\",\"position\":2,\"name\":\"AOVE Val\u00e8ncia\"}]},{\"@type\":\"WebSite\",\"@id\":\"https:\/\/olilagaiana.com\/#website\",\"url\":\"https:\/\/olilagaiana.com\/\",\"name\":\"Olilagaiana - Tienda de aceite de oliva virgen extra\",\"description\":\"Compra on line en Tienda de Aove, regala Aove\",\"potentialAction\":[{\"@type\":\"SearchAction\",\"target\":{\"@type\":\"EntryPoint\",\"urlTemplate\":\"https:\/\/olilagaiana.com\/?s={search_term_string}\"},\"query-input\":{\"@type\":\"PropertyValueSpecification\",\"valueRequired\":true,\"valueName\":\"search_term_string\"}}],\"inLanguage\":\"es\"},{\"@type\":\"ImageObject\",\"inLanguage\":\"es\",\"@id\":\"https:\/\/olilagaiana.com\/aove-valencia\/#local-main-organization-logo\",\"url\":\"\",\"contentUrl\":\"\",\"caption\":\"Olilagaiana - Tienda de aceite de oliva virgen extra\"}]}<\/script>\n<!-- \/ Yoast SEO plugin. -->","yoast_head_json":{"title":"AOVE Val\u00e8ncia | Compra aceite de oliva virgen extra artesanal","description":"Descubre el mejor AOVE de Val\u00e8ncia. Aceite de oliva virgen extra artesanal, saludable y sostenible. Compra en l\u00ednea directamente del productor en l'Horta de Val\u00e8ncia.","robots":{"index":"index","follow":"follow","max-snippet":"max-snippet:-1","max-image-preview":"max-image-preview:large","max-video-preview":"max-video-preview:-1"},"canonical":"https:\/\/olilagaiana.com\/aove-valencia\/","og_locale":"es_ES","og_type":"article","og_title":"AOVE Val\u00e8ncia | Compra aceite de oliva virgen extra artesanal","og_description":"Descubre el mejor AOVE de Val\u00e8ncia. Aceite de oliva virgen extra artesanal, saludable y sostenible. Compra en l\u00ednea directamente del productor en l'Horta de Val\u00e8ncia.","og_url":"https:\/\/olilagaiana.com\/aove-valencia\/","og_site_name":"Olilagaiana - Tienda de aceite de oliva virgen extra","article_modified_time":"2025-06-06T09:35:27+00:00","twitter_card":"summary_large_image","twitter_misc":{"Tiempo de lectura":"31 minutos"},"schema":{"@context":"https:\/\/schema.org","@graph":[{"@type":"WebPage","@id":"https:\/\/olilagaiana.com\/aove-valencia\/","url":"https:\/\/olilagaiana.com\/aove-valencia\/","name":"AOVE Val\u00e8ncia | Compra aceite de oliva virgen extra artesanal","isPartOf":{"@id":"https:\/\/olilagaiana.com\/#website"},"datePublished":"2025-05-06T08:39:06+00:00","dateModified":"2025-06-06T09:35:27+00:00","description":"Descubre el mejor AOVE de Val\u00e8ncia. Aceite de oliva virgen extra artesanal, saludable y sostenible. Compra en l\u00ednea directamente del productor en l'Horta de Val\u00e8ncia.","breadcrumb":{"@id":"https:\/\/olilagaiana.com\/aove-valencia\/#breadcrumb"},"inLanguage":"es","potentialAction":[{"@type":"ReadAction","target":["https:\/\/olilagaiana.com\/aove-valencia\/"]}]},{"@type":"BreadcrumbList","@id":"https:\/\/olilagaiana.com\/aove-valencia\/#breadcrumb","itemListElement":[{"@type":"ListItem","position":1,"name":"Portada","item":"https:\/\/olilagaiana.com\/es\/"},{"@type":"ListItem","position":2,"name":"AOVE Val\u00e8ncia"}]},{"@type":"WebSite","@id":"https:\/\/olilagaiana.com\/#website","url":"https:\/\/olilagaiana.com\/","name":"Olilagaiana - Tienda de aceite de oliva virgen extra","description":"Compra on line en Tienda de Aove, regala Aove","potentialAction":[{"@type":"SearchAction","target":{"@type":"EntryPoint","urlTemplate":"https:\/\/olilagaiana.com\/?s={search_term_string}"},"query-input":{"@type":"PropertyValueSpecification","valueRequired":true,"valueName":"search_term_string"}}],"inLanguage":"es"},{"@type":"ImageObject","inLanguage":"es","@id":"https:\/\/olilagaiana.com\/aove-valencia\/#local-main-organization-logo","url":"","contentUrl":"","caption":"Olilagaiana - Tienda de aceite de oliva virgen extra"}]}},"jetpack_sharing_enabled":true,"_links":{"self":[{"href":"https:\/\/olilagaiana.com\/es\/wp-json\/wp\/v2\/pages\/19900","targetHints":{"allow":["GET"]}}],"collection":[{"href":"https:\/\/olilagaiana.com\/es\/wp-json\/wp\/v2\/pages"}],"about":[{"href":"https:\/\/olilagaiana.com\/es\/wp-json\/wp\/v2\/types\/page"}],"author":[{"embeddable":true,"href":"https:\/\/olilagaiana.com\/es\/wp-json\/wp\/v2\/users\/37"}],"replies":[{"embeddable":true,"href":"https:\/\/olilagaiana.com\/es\/wp-json\/wp\/v2\/comments?post=19900"}],"version-history":[{"count":4,"href":"https:\/\/olilagaiana.com\/es\/wp-json\/wp\/v2\/pages\/19900\/revisions"}],"predecessor-version":[{"id":19950,"href":"https:\/\/olilagaiana.com\/es\/wp-json\/wp\/v2\/pages\/19900\/revisions\/19950"}],"wp:attachment":[{"href":"https:\/\/olilagaiana.com\/es\/wp-json\/wp\/v2\/media?parent=19900"}],"curies":[{"name":"wp","href":"https:\/\/api.w.org\/{rel}","templated":true}]}}