{"id":19781,"date":"2025-03-16T11:05:29","date_gmt":"2025-03-16T10:05:29","guid":{"rendered":"https:\/\/olilagaiana.com\/envio-y-plazos-entrega\/"},"modified":"2025-06-06T11:18:01","modified_gmt":"2025-06-06T09:18:01","slug":"envio-y-plazos-entrega","status":"publish","type":"page","link":"https:\/\/olilagaiana.com\/es\/envio-y-plazos-entrega\/","title":{"rendered":"Env\u00edo y plazos entrega"},"content":{"rendered":"<div class=\"post-content\">\n<div class=\"bialty-container\">\n<p>GASTOS DE ENVIO Y PLAZOS DE ENTREGA<\/p>\n<p>Lo gastos env\u00edo a Espa\u00f1a Pen\u00ednsula son 6,90 euros iva incluido<\/p>\n<p><strong>Env\u00edo gratis a partir de compras superiores a 40 euros iva incluido<\/strong><\/p>\n<p>Para env\u00edos a baleares, Canarias, Ceuta y melilla consultar en\u00a0<u>info@lime-porcupine-913141.hostingersite.com<\/u><\/p>\n<p>Los plazos de entrega de los pedidos son 24\/48 horas laborables.<\/p>\n<p>En cualquier caso el plazo de entrega empieza a contar desde que la PARTE VENDEDORA recibe el pago del importe del pedido.<\/p>\n<\/div>\n<\/div>\n","protected":false},"excerpt":{"rendered":"<p>GASTOS DE ENVIO Y PLAZOS DE ENTREGA Lo gastos env\u00edo&hellip; <a class=\"continue\" href=\"https:\/\/olilagaiana.com\/es\/envio-y-plazos-entrega\/\">Continuar<span> Env\u00edo y plazos entrega<\/span><\/a><\/p>\n","protected":false},"author":1,"featured_media":0,"parent":0,"menu_order":0,"comment_status":"closed","ping_status":"closed","template":"100-width.php","meta":{"footnotes":""},"class_list":["post-19781","page","type-page","status-publish","hentry"],"yoast_head":"<!-- This site is optimized with the Yoast SEO plugin v25.2 - https:\/\/yoast.com\/wordpress\/plugins\/seo\/ -->\n<title>Env\u00edo y plazos de entrega | Aceite Lagaiana AOVE Val\u00e8ncia<\/title>\n<meta name=\"description\" content=\"Descobreix els nostres serveis d\u2019enviament i terminis de lliurament. Rep el millor oli d\u2019oliva verge extra valenci\u00e0 a casa teua r\u00e0pid i segur.\" \/>\n<meta name=\"robots\" content=\"index, follow, max-snippet:-1, max-image-preview:large, max-video-preview:-1\" \/>\n<link rel=\"canonical\" href=\"https:\/\/olilagaiana.com\/enviament-i-terminis-de-lliurament\/\" \/>\n<meta property=\"og:locale\" content=\"es_ES\" \/>\n<meta property=\"og:type\" content=\"article\" \/>\n<meta property=\"og:title\" content=\"Env\u00edo y plazos de entrega | Aceite Lagaiana AOVE Val\u00e8ncia\" \/>\n<meta property=\"og:description\" content=\"Descobreix els nostres serveis d\u2019enviament i terminis de lliurament. Rep el millor oli d\u2019oliva verge extra valenci\u00e0 a casa teua r\u00e0pid i segur.\" \/>\n<meta property=\"og:url\" content=\"https:\/\/olilagaiana.com\/enviament-i-terminis-de-lliurament\/\" \/>\n<meta property=\"og:site_name\" content=\"Olilagaiana - Tienda de aceite de oliva virgen extra\" \/>\n<meta property=\"article:modified_time\" content=\"2025-06-06T09:18:01+00:00\" \/>\n<meta name=\"twitter:card\" content=\"summary_large_image\" \/>\n<script type=\"application\/ld+json\" class=\"yoast-schema-graph\">{\"@context\":\"https:\/\/schema.org\",\"@graph\":[{\"@type\":\"WebPage\",\"@id\":\"https:\/\/olilagaiana.com\/enviament-i-terminis-de-lliurament\/\",\"url\":\"https:\/\/olilagaiana.com\/enviament-i-terminis-de-lliurament\/\",\"name\":\"Env\u00edo y plazos de entrega | Aceite Lagaiana AOVE Val\u00e8ncia\",\"isPartOf\":{\"@id\":\"https:\/\/olilagaiana.com\/#website\"},\"datePublished\":\"2025-03-16T10:05:29+00:00\",\"dateModified\":\"2025-06-06T09:18:01+00:00\",\"description\":\"Descobreix els nostres serveis d\u2019enviament i terminis de lliurament. Rep el millor oli d\u2019oliva verge extra valenci\u00e0 a casa teua r\u00e0pid i segur.\",\"breadcrumb\":{\"@id\":\"https:\/\/olilagaiana.com\/enviament-i-terminis-de-lliurament\/#breadcrumb\"},\"inLanguage\":\"es\",\"potentialAction\":[{\"@type\":\"ReadAction\",\"target\":[\"https:\/\/olilagaiana.com\/enviament-i-terminis-de-lliurament\/\"]}]},{\"@type\":\"BreadcrumbList\",\"@id\":\"https:\/\/olilagaiana.com\/enviament-i-terminis-de-lliurament\/#breadcrumb\",\"itemListElement\":[{\"@type\":\"ListItem\",\"position\":1,\"name\":\"Portada\",\"item\":\"https:\/\/olilagaiana.com\/es\/\"},{\"@type\":\"ListItem\",\"position\":2,\"name\":\"Env\u00edo y plazos entrega\"}]},{\"@type\":\"WebSite\",\"@id\":\"https:\/\/olilagaiana.com\/#website\",\"url\":\"https:\/\/olilagaiana.com\/\",\"name\":\"Olilagaiana - Tienda de aceite de oliva virgen extra\",\"description\":\"Compra on line en Tienda de Aove, regala Aove\",\"potentialAction\":[{\"@type\":\"SearchAction\",\"target\":{\"@type\":\"EntryPoint\",\"urlTemplate\":\"https:\/\/olilagaiana.com\/?s={search_term_string}\"},\"query-input\":{\"@type\":\"PropertyValueSpecification\",\"valueRequired\":true,\"valueName\":\"search_term_string\"}}],\"inLanguage\":\"es\"},{\"@type\":\"ImageObject\",\"inLanguage\":\"es\",\"@id\":\"https:\/\/olilagaiana.com\/enviament-i-terminis-de-lliurament\/#local-main-organization-logo\",\"url\":\"\",\"contentUrl\":\"\",\"caption\":\"Olilagaiana - Tienda de aceite de oliva virgen extra\"}]}<\/script>\n<!-- \/ Yoast SEO plugin. -->","yoast_head_json":{"title":"Env\u00edo y plazos de entrega | Aceite Lagaiana AOVE Val\u00e8ncia","description":"Descobreix els nostres serveis d\u2019enviament i terminis de lliurament. Rep el millor oli d\u2019oliva verge extra valenci\u00e0 a casa teua r\u00e0pid i segur.","robots":{"index":"index","follow":"follow","max-snippet":"max-snippet:-1","max-image-preview":"max-image-preview:large","max-video-preview":"max-video-preview:-1"},"canonical":"https:\/\/olilagaiana.com\/enviament-i-terminis-de-lliurament\/","og_locale":"es_ES","og_type":"article","og_title":"Env\u00edo y plazos de entrega | Aceite Lagaiana AOVE Val\u00e8ncia","og_description":"Descobreix els nostres serveis d\u2019enviament i terminis de lliurament. Rep el millor oli d\u2019oliva verge extra valenci\u00e0 a casa teua r\u00e0pid i segur.","og_url":"https:\/\/olilagaiana.com\/enviament-i-terminis-de-lliurament\/","og_site_name":"Olilagaiana - Tienda de aceite de oliva virgen extra","article_modified_time":"2025-06-06T09:18:01+00:00","twitter_card":"summary_large_image","schema":{"@context":"https:\/\/schema.org","@graph":[{"@type":"WebPage","@id":"https:\/\/olilagaiana.com\/enviament-i-terminis-de-lliurament\/","url":"https:\/\/olilagaiana.com\/enviament-i-terminis-de-lliurament\/","name":"Env\u00edo y plazos de entrega | Aceite Lagaiana AOVE Val\u00e8ncia","isPartOf":{"@id":"https:\/\/olilagaiana.com\/#website"},"datePublished":"2025-03-16T10:05:29+00:00","dateModified":"2025-06-06T09:18:01+00:00","description":"Descobreix els nostres serveis d\u2019enviament i terminis de lliurament. Rep el millor oli d\u2019oliva verge extra valenci\u00e0 a casa teua r\u00e0pid i segur.","breadcrumb":{"@id":"https:\/\/olilagaiana.com\/enviament-i-terminis-de-lliurament\/#breadcrumb"},"inLanguage":"es","potentialAction":[{"@type":"ReadAction","target":["https:\/\/olilagaiana.com\/enviament-i-terminis-de-lliurament\/"]}]},{"@type":"BreadcrumbList","@id":"https:\/\/olilagaiana.com\/enviament-i-terminis-de-lliurament\/#breadcrumb","itemListElement":[{"@type":"ListItem","position":1,"name":"Portada","item":"https:\/\/olilagaiana.com\/es\/"},{"@type":"ListItem","position":2,"name":"Env\u00edo y plazos entrega"}]},{"@type":"WebSite","@id":"https:\/\/olilagaiana.com\/#website","url":"https:\/\/olilagaiana.com\/","name":"Olilagaiana - Tienda de aceite de oliva virgen extra","description":"Compra on line en Tienda de Aove, regala Aove","potentialAction":[{"@type":"SearchAction","target":{"@type":"EntryPoint","urlTemplate":"https:\/\/olilagaiana.com\/?s={search_term_string}"},"query-input":{"@type":"PropertyValueSpecification","valueRequired":true,"valueName":"search_term_string"}}],"inLanguage":"es"},{"@type":"ImageObject","inLanguage":"es","@id":"https:\/\/olilagaiana.com\/enviament-i-terminis-de-lliurament\/#local-main-organization-logo","url":"","contentUrl":"","caption":"Olilagaiana - Tienda de aceite de oliva virgen extra"}]}},"jetpack_sharing_enabled":true,"_links":{"self":[{"href":"https:\/\/olilagaiana.com\/es\/wp-json\/wp\/v2\/pages\/19781","targetHints":{"allow":["GET"]}}],"collection":[{"href":"https:\/\/olilagaiana.com\/es\/wp-json\/wp\/v2\/pages"}],"about":[{"href":"https:\/\/olilagaiana.com\/es\/wp-json\/wp\/v2\/types\/page"}],"author":[{"embeddable":true,"href":"https:\/\/olilagaiana.com\/es\/wp-json\/wp\/v2\/users\/1"}],"replies":[{"embeddable":true,"href":"https:\/\/olilagaiana.com\/es\/wp-json\/wp\/v2\/comments?post=19781"}],"version-history":[{"count":1,"href":"https:\/\/olilagaiana.com\/es\/wp-json\/wp\/v2\/pages\/19781\/revisions"}],"predecessor-version":[{"id":19939,"href":"https:\/\/olilagaiana.com\/es\/wp-json\/wp\/v2\/pages\/19781\/revisions\/19939"}],"wp:attachment":[{"href":"https:\/\/olilagaiana.com\/es\/wp-json\/wp\/v2\/media?parent=19781"}],"curies":[{"name":"wp","href":"https:\/\/api.w.org\/{rel}","templated":true}]}}