{"id":19493,"date":"2025-04-05T11:56:43","date_gmt":"2025-04-05T09:56:43","guid":{"rendered":"https:\/\/olilagaiana.com\/condiciones-de-uso\/"},"modified":"2025-06-06T11:40:50","modified_gmt":"2025-06-06T09:40:50","slug":"condiciones-de-uso","status":"publish","type":"page","link":"https:\/\/olilagaiana.com\/es\/condiciones-de-uso\/","title":{"rendered":"Condiciones de uso"},"content":{"rendered":"<p><strong>1.-OBJETO<\/strong><\/p>\n<p>En cumplimiento de la Ley 34\/2002, de 11 de julio, de Servicios de la Sociedad de la Informaci\u00f3n y de Comercio Electr\u00f3nico (LSSI-CE), se informa que las presentes Condiciones Generales de Acceso y Uso (en adelante las \u00b7 Condiciones de Uso\u00b7) tienen por objeto regular las condiciones de uso y utilizaci\u00f3n del website o web sites de Internet emplazado\/s en la direcci\u00f3n: olilagaiana.com y de la que es titular:<\/p>\n<p>DESAMPARADOS MARTI ALFONSO<\/p>\n<p>DNI 73546267H<\/p>\n<div>Carrer de Sant Isidre, 69B Alqueria de Roca, 46133 Meliana, Valencia<\/div>\n<p>(en adelante olilagaiana.com).<\/p>\n<p>olilagaiana.com , ha sido elaborada para dar a conocer y permitir el acceso a la informaci\u00f3n en ella contenida, con las restricciones y limitaciones que imponen las presentes Condiciones Generales as\u00ed como permitir y posibilitar el acceso a otras p\u00e1ginas con las que la web de olilagaiana.com, tenga relaciones comerciales, profesionales o de cualquier otra \u00edndole.<\/p>\n<p>El Objeto social de olilagaiana.com es:<\/p>\n<p>olilagaiana.com es un sitio web de venta on line de perfumes<\/p>\n<p><strong>2.-DERECHOS Y OBLIGACIONES DEL USUARIO<\/strong><\/p>\n<p><strong>2.1.-CONDICIONES DE ACCESO Y USO<\/strong><\/p>\n<p>A trav\u00e9s de la direcci\u00f3n emplazada en olilagaiana.com, cualquier usuario podr\u00e1 acceder gratuitamente a la informaci\u00f3n contenida en el citado WEBSITE.<\/p>\n<p>Las condiciones de acceso al web est\u00e1n supeditadas a las disposiciones legales vigentes en cada momento as\u00ed como a los principios de buena fe y uso l\u00edcito por parte del Usuario, prohibi\u00e9ndose expresa y taxativamente cualquier tipo de actuaci\u00f3n que pudiera ir en detrimento o perjuicio del Portal o de terceros.<\/p>\n<p>El web no exige la previa suscripci\u00f3n ni el registro para la simple navegaci\u00f3n, o para el acceso o utilizaci\u00f3n de algunos servicios del web. Por el contrario, para recibir avisos por correo electr\u00f3nico de novedades en las ofertas o descuentos es necesario suscribirse.<\/p>\n<p>Los servicios o contenidos que exijan suscripci\u00f3n para su acceso o uso se acompa\u00f1ar\u00e1n del aviso correspondiente de necesidad de suscripci\u00f3n. En lo que al tratamiento de datos personales se refiera, v\u00e9ase la Pol\u00edtica de Privacidad de olilagaiana.com.<\/p>\n<p><strong>2.1.1.-ACEPTACI\u00d3N DE LAS CONDICIONES \/ SUSCRIPCI\u00d3N DE USUARIO<\/strong><\/p>\n<p>La mera utilizaci\u00f3n del web o la confirmaci\u00f3n del correspondiente campo en el proceso de registro como un Usuario Subscriptor, implicar\u00e1 que quedan aceptadas las condiciones generales de uso de olilagaiana.com.<\/p>\n<p>A trav\u00e9s del web de olilagaiana.com se facilitar\u00e1 a todos los Usuarios la posibilidad de acceder a los contenidos, servicios y dem\u00e1s informaci\u00f3n concerniente al objeto social de la presente entidad.<\/p>\n<p>Las presentes condiciones de uso constituyen \u00edntegramente lo convenido entre las partes tanto en el acceso y uso.<\/p>\n<p>olilagaiana.com\u00a0 est\u00e1 facultada para modificar unilateralmente todas y cada una de las obligaciones dispuestas en las presentes Condiciones Generales de Uso, sin necesidad de previo aviso. Igualmente est\u00e1 capacitada para reestructurar, modificar o eliminar cualquier informaci\u00f3n, servicio o contenido incluido en el website, sin necesidad de previo aviso. La modificaci\u00f3n de cualquiera de las presentes condiciones generales para un caso particular s\u00f3lo tendr\u00e1 validez cuando haya sido recogida por escrito y firmada por los representantes legales de cada parte.<\/p>\n<p>Igualmente, olilagaiana.com se reserva el permiso de acceso o uso de algunos de los Servicios del web, ahora o en un futuro, pudiendo exigir para su acceso la condici\u00f3n de Usuario Suscrito, condici\u00f3n que en dicho caso se podr\u00e1 obtener mediante la inserci\u00f3n del e-mail del usuario en la correspondiente casilla de suscripci\u00f3n de Usuarios que olilagaiana.com pondr\u00e1 a disposici\u00f3n de los Usuarios que as\u00ed lo deseen.<\/p>\n<p><strong>Veracidad de los datos<\/strong><\/p>\n<p>Por la cumplimentaci\u00f3n de estos formularios, casillas de suscripci\u00f3n o herramientas similares, el USUARIO reconoce que los datos suministrados son obtenidos directamente del usuario, veraces y ciertos, comprometi\u00e9ndose a notificar a olilagaiana.com, cualquier cambio o modificaci\u00f3n que se produzca en los mismos.<\/p>\n<p><strong>2.2.-CONTENIDO Y ACTUACIONES DEL USUARIO<\/strong><\/p>\n<p>El Usuario se compromete a hacer un uso licito, diligente, honrado y correcto de cuanta informaci\u00f3n o contenido tenga acceso bien a trav\u00e9s de la pagina web de olilagaiana.com o de terceros previamente proporcionada por olilagaiana.com y todo ello bajo los principios de la buena fe y con respeto en todo momento a la legalidad vigente.<\/p>\n<p>El Usuario deber\u00e1 abstenerse de obtener, salvo para uso personal, cuanta informaci\u00f3n (enti\u00e9ndase por informaci\u00f3n como cualquier mensaje, archivos de sonido, fotograf\u00edas, dibujos, software y en general cualquier clase o tipo de archivo inform\u00e1tico, gr\u00e1fico etc..) que sea propiedad del web.<\/p>\n<p>Igualmente el Usuario adquiere el compromiso de no provocar ni maliciosa ni intencionadamente da\u00f1os o perjuicios que puedan menoscabar, alterar el propio web as\u00ed como no introducir, ni difundir los denominados \u00b7virus inform\u00e1ticos\u00b7 que puedan producir alteraciones no autorizadas de los contenidos o sistemas integrantes del web. El compromiso adquirido se ha de regir sobre la utilizaci\u00f3n contenidos de conformidad con lo dispuesto en la ley, moral y orden publico; no copiar, reproducir, distribuir, ceder, transformar o modificar los contenidos sin previo consentimiento y por escrito de olilagaiana.com o persona por este delegada.<\/p>\n<p>A este respecto, olilagaiana.com se exonera de cualquier tipo de fallo o virus inform\u00e1tico introducido por terceros.<\/p>\n<p>A cumplir todos los requisitos dispuestos en relaci\u00f3n a los derechos de propiedad intelectual, industrial y dem\u00e1s an\u00e1logos.<\/p>\n<p>La informaci\u00f3n proporcionada EN LA WEB no deber\u00e1 ser considerada en ning\u00fan momento ni completa ni exhaustiva . olilagaiana.com por su parte tratar\u00e1 en la medida de sus posibilidades de actualizar constantemente esta informaci\u00f3n.<\/p>\n<p>olilagaiana.com manifiesta que el servicio\/producto ofrecido en la web se corresponde con la descripci\u00f3n del mismo. No obstante queda exonerada de responsabilidad para aquellos supuestos en los que por errores t\u00e9cnicos o humanos hubiese equivocaciones o variaciones entre las im\u00e1genes, la descripci\u00f3n y el precio. Igualmente se pone de manifiesto que las fotograf\u00edas tienen un mero car\u00e1cter orientativo pudiendo existir variaciones en lo que a su aspecto f\u00edsico respecta pero sin menoscabar la integridad y prestaciones del servicio\/producto ofrecido y\/o solicitado.<\/p>\n<p>olilagaiana.com se exonera de los contenidos, informaci\u00f3n, opiniones o comentarios difundidos a trav\u00e9s de su web ni responder\u00e1 del uso que el Usuario haga de esa informaci\u00f3n.<\/p>\n<p><strong>3.- DERECHO Y OBLIGACIONES DE olilagaiana.com<\/strong><\/p>\n<p>olilagaiana.com responder\u00e1 \u00fanica y exclusivamente de los servicios que preste por ella misma y de los contenidos directamente originados por el propio web e identificado con su correspondiente copyright.<\/p>\n<p>olilagaiana.com se compromete a la adopci\u00f3n de los medios y medidas necesarias que permitan garantizar la seguridad y privacidad en la comunicaciones. No responder\u00e1 cuando adoptadas las pertinentes medidas de seguridad, estas fueren vulneradas por agentes externos.<\/p>\n<p>olilagaiana.com no ser\u00e1 responsable ni siquiera de forma indirecta o subsidiaria, por ning\u00fan contenido, informaci\u00f3n, opini\u00f3n o manifestaci\u00f3n de cualquier tipo, que tenga su origen en el Usuario o terceras personas o entidades y que tengan acceso, transmitan, comuniquen, traten, exhiban o vendan dicha informaci\u00f3n al web titularidad de olilagaiana.com.<\/p>\n<p>olilagaiana.com se reserva el derecho a suspender temporalmente la prestaci\u00f3n del servicio sin previo aviso al Usuario, siempre y cuando sea necesario para efectuar operaciones de mantenimiento, actualizaci\u00f3n o mejora del servicio. Igualmente podr\u00e1 modificar las condiciones de acceso y o concreta ubicaci\u00f3n del contenido integrante del web, as\u00ed como impedir, restringir, bloquear, suprimir o retirar el acceso a los servicios a los Usuarios cuando estos no hicieren un uso licito, honrado y diligente de los servicios prestados en el website. En la misma l\u00ednea podr\u00e1 retirar, bloquear o restringir el uso de los contenidos introducidos por terceras personas que fueren il\u00edcitos, racistas delictivos, de apolog\u00eda de terrorismo, violaci\u00f3n de derechos humanos, difamatorios, pornogr\u00e1ficos, constitutivos de estafa o de cualquier otro modo que infrinjan las leyes o normativas aplicables bien sean nacionales como internacionales.<\/p>\n<p>olilagaiana.com no asegura la disponibilidad y continuidad permanente del web debido a interrupciones, fallos etc.. as\u00ed como tampoco responder\u00e1 de los da\u00f1os y perjuicios que pueda causar a los Usuarios por los virus inform\u00e1ticos o agentes externos que terceras personas puedan depositar en el website o en los documentos electr\u00f3nicos y ficheros almacenados en el sistema inform\u00e1tico.<\/p>\n<p>El Website pone a disposici\u00f3n de los Usuarios ciertas herramientas tales como fichas, botones, banners, links o enlaces que permitan al Usuario acceder a contenidos u otros sites relacionados con la actividad del web u otros diferentes. La instalaci\u00f3n de estas herramientas tienen como fin \u00faltimo proporcionar y facilitar la navegaci\u00f3n al Usuario, no siendo responsable parte olilagaiana.com de los websites a los que acceda el Usuario a trav\u00e9s de su pagina, en lo que al Derecho al Honor pueda afectar y la informaci\u00f3n proporcionada. Por su parte olilagaiana.com tratar\u00e1 en la medida de sus posibilidades de comprobar dichos hiperv\u00ednculos, restringiendo, bloqueando o suspendiendo dichos botones cuando atentaren contra el principio descrito en las presentes Condiciones Generales.<\/p>\n<p><strong>4.-PROPIEDAD INTELECTUAL<\/strong><\/p>\n<p>La totalidad de los contenidos a los que se acceda a trav\u00e9s del servicio prestado por olilagaiana.com est\u00e1n sujetos a los Derechos de Propiedad Intelectual e Industrial de olilagaiana.com o de terceros. Dicho contenido no podr\u00e1 ser usado, duplicado, distribuido, vendido, explotado o cualquier otra forma con prop\u00f3sito comercial o no, sin el previo y preceptivo consentimiento y por escrito su titular (olilagaiana.com).<\/p>\n<p>Igualmente olilagaiana.com ser\u00e1 responsable respecto de las marcas, logos y dem\u00e1s signos distintivos que se incorporen en cualquier parte del website y que sean propiedad de olilagaiana.com, as\u00ed como titular de todos los derechos de Propiedad Intelectual o Industrial o como licenciatario de los mismos.<\/p>\n<p>Todos los contenidos y partes integrantes del website de olilagaiana.com han sido incluidos conforme a los principios de la buena fe, indicando que la informaci\u00f3n puede proceder total o parcialmente de fuentes externas a la propia entidad raz\u00f3n por la cual olilagaiana.com no se responsabiliza en manera alguna de la inexactitud o no actualizaci\u00f3n de los contenidos mostrados.<\/p>\n<p>Por el contrario todos aquellos contenidos procedentes de fuentes internas estar\u00e1n debidamente identificados con su copyright. La entidad se reserva el derecho o facultad de efectuar cualquier cambio en cualquier momento sin necesidad de previo aviso. Todos los contenidos incluidos en la pagina procedentes de fuentes internas que lleven su signo identificativo de copyright, son responsabilidad \u00fanica y exclusivamente de olilagaiana.com.<\/p>\n<p><strong>5.- PROTECCI\u00d3N DE DATOS<\/strong><\/p>\n<p>olilagaiana.com plenamente concienciada del uso y tratamiento que se le deben dar a los datos de car\u00e1cter personal y en virtud de la normativa legal existente al respecto (LOPD y LSSICE), tiene implantado en el seno de su organizaci\u00f3n un sistema para preservar la seguridad, integridad y confidencialidad de los datos considerados como personales.<\/p>\n<p>Para ello adem\u00e1s de cumplir integramente todos y cada uno de los requisitos dispuestos en la Ley Org\u00e1nica 15\/1999, de 13 de Diciembre, de Protecci\u00f3n de Datos de Car\u00e1cter Personal, y los dispuestos en la Ley 34\/2002 LSSICE, garantiza un uso no solo legal sino leal de los datos personales as\u00ed como un sistema adecuado para ejercitar los derechos de acceso rectificaci\u00f3n, cancelaci\u00f3n y oposici\u00f3n dispuestos en la ya mencionada Ley Org\u00e1nica.<\/p>\n<p>De conformidad con lo dispuesto en la pol\u00edtica de privacidad de olilagaiana.com, se hace constar que cualquier persona podr\u00e1 ejercitar sus derechos de acceso, rectificaci\u00f3n, cancelaci\u00f3n y en su caso, oposici\u00f3n mediante el env\u00edo de un e-mail a la direcci\u00f3n comercial@olilagaiana.com<\/p>\n<p>A este respecto v\u00e9ase Pol\u00edtica de Privacidad del Portal olilagaiana.com.<\/p>\n<p><strong>6.-FUERO Y LEGISLACI\u00d3N<\/strong><\/p>\n<p>Las presentes Condiciones de uso se someten a la legislaci\u00f3n espa\u00f1ola, que ser\u00e1 aplicable en relaci\u00f3n a su validez, interpretaci\u00f3n, ejecuci\u00f3n y cumplimiento. Todas las discrepancias, reclamaciones y controversias respecto a lo dispuesto anteriormente se resolver\u00e1n entre parte vendedora y consumidor mediante la intervenci\u00f3n y ayuda de una organizaci\u00f3n de consumidores, u otro organismo Espa\u00f1ol de resoluci\u00f3n de disputas enumerado en https:\/\/ec.europa.eu\/consumers\/odr\/main\/?event=main.adr.show2 (todos los organismos que aparecen en esta lista ofrecen procedimientos de resoluci\u00f3n extrajudicial. Todos han sido aprobados por est\u00e1ndares de calidad relacionados con la equidad, la eficiencia y la accesibilidad. o un arbitraje de Consumo.)<\/p>\n<p>El Usuario, declara haber le\u00eddo, conocer y aceptar las presentes Condiciones Generales en toda su extensi\u00f3n.<\/p>\n<p>&nbsp;<\/p>\n","protected":false},"excerpt":{"rendered":"<p>1.-OBJETO En cumplimiento de la Ley 34\/2002, de 11 de&hellip; <a class=\"continue\" href=\"https:\/\/olilagaiana.com\/es\/condiciones-de-uso\/\">Continuar<span> Condiciones de uso<\/span><\/a><\/p>\n","protected":false},"author":1,"featured_media":0,"parent":0,"menu_order":0,"comment_status":"closed","ping_status":"closed","template":"","meta":{"footnotes":""},"class_list":["post-19493","page","type-page","status-publish","hentry"],"yoast_head":"<!-- This site is optimized with the Yoast SEO plugin v25.2 - https:\/\/yoast.com\/wordpress\/plugins\/seo\/ -->\n<title>Condiciones de uso | Termas legales del sitio web Aceite Lagaiana<\/title>\n<meta name=\"description\" content=\"Consulta las condiciones de uso del sitio web de Aceite Lagaiana. Termas legales sobre acceso, navegaci\u00f3n, responsabilidad y derechos del usuario.\" \/>\n<meta name=\"robots\" content=\"index, follow, max-snippet:-1, max-image-preview:large, max-video-preview:-1\" \/>\n<link rel=\"canonical\" href=\"https:\/\/olilagaiana.com\/condiciones-de-uso\/\" \/>\n<meta property=\"og:locale\" content=\"es_ES\" \/>\n<meta property=\"og:type\" content=\"article\" \/>\n<meta property=\"og:title\" content=\"Condiciones de uso | Termas legales del sitio web Aceite Lagaiana\" \/>\n<meta property=\"og:description\" content=\"Consulta las condiciones de uso del sitio web de Aceite Lagaiana. Termas legales sobre acceso, navegaci\u00f3n, responsabilidad y derechos del usuario.\" \/>\n<meta property=\"og:url\" content=\"https:\/\/olilagaiana.com\/condiciones-de-uso\/\" \/>\n<meta property=\"og:site_name\" content=\"Olilagaiana - Tienda de aceite de oliva virgen extra\" \/>\n<meta property=\"article:modified_time\" content=\"2025-06-06T09:40:50+00:00\" \/>\n<meta name=\"twitter:card\" content=\"summary_large_image\" \/>\n<meta name=\"twitter:label1\" content=\"Tiempo de lectura\" \/>\n\t<meta name=\"twitter:data1\" content=\"11 minutos\" \/>\n<script type=\"application\/ld+json\" class=\"yoast-schema-graph\">{\"@context\":\"https:\/\/schema.org\",\"@graph\":[{\"@type\":\"WebPage\",\"@id\":\"https:\/\/olilagaiana.com\/condiciones-de-uso\/\",\"url\":\"https:\/\/olilagaiana.com\/condiciones-de-uso\/\",\"name\":\"Condiciones de uso | Termas legales del sitio web Aceite Lagaiana\",\"isPartOf\":{\"@id\":\"https:\/\/olilagaiana.com\/#website\"},\"datePublished\":\"2025-04-05T09:56:43+00:00\",\"dateModified\":\"2025-06-06T09:40:50+00:00\",\"description\":\"Consulta las condiciones de uso del sitio web de Aceite Lagaiana. Termas legales sobre acceso, navegaci\u00f3n, responsabilidad y derechos del usuario.\",\"breadcrumb\":{\"@id\":\"https:\/\/olilagaiana.com\/condiciones-de-uso\/#breadcrumb\"},\"inLanguage\":\"es\",\"potentialAction\":[{\"@type\":\"ReadAction\",\"target\":[\"https:\/\/olilagaiana.com\/condiciones-de-uso\/\"]}]},{\"@type\":\"BreadcrumbList\",\"@id\":\"https:\/\/olilagaiana.com\/condiciones-de-uso\/#breadcrumb\",\"itemListElement\":[{\"@type\":\"ListItem\",\"position\":1,\"name\":\"Portada\",\"item\":\"https:\/\/olilagaiana.com\/es\/\"},{\"@type\":\"ListItem\",\"position\":2,\"name\":\"Condiciones de uso\"}]},{\"@type\":\"WebSite\",\"@id\":\"https:\/\/olilagaiana.com\/#website\",\"url\":\"https:\/\/olilagaiana.com\/\",\"name\":\"Olilagaiana - Tienda de aceite de oliva virgen extra\",\"description\":\"Compra on line en Tienda de Aove, regala Aove\",\"potentialAction\":[{\"@type\":\"SearchAction\",\"target\":{\"@type\":\"EntryPoint\",\"urlTemplate\":\"https:\/\/olilagaiana.com\/?s={search_term_string}\"},\"query-input\":{\"@type\":\"PropertyValueSpecification\",\"valueRequired\":true,\"valueName\":\"search_term_string\"}}],\"inLanguage\":\"es\"},{\"@type\":\"ImageObject\",\"inLanguage\":\"es\",\"@id\":\"https:\/\/olilagaiana.com\/condiciones-de-uso\/#local-main-organization-logo\",\"url\":\"\",\"contentUrl\":\"\",\"caption\":\"Olilagaiana - Tienda de aceite de oliva virgen extra\"}]}<\/script>\n<!-- \/ Yoast SEO plugin. -->","yoast_head_json":{"title":"Condiciones de uso | Termas legales del sitio web Aceite Lagaiana","description":"Consulta las condiciones de uso del sitio web de Aceite Lagaiana. Termas legales sobre acceso, navegaci\u00f3n, responsabilidad y derechos del usuario.","robots":{"index":"index","follow":"follow","max-snippet":"max-snippet:-1","max-image-preview":"max-image-preview:large","max-video-preview":"max-video-preview:-1"},"canonical":"https:\/\/olilagaiana.com\/condiciones-de-uso\/","og_locale":"es_ES","og_type":"article","og_title":"Condiciones de uso | Termas legales del sitio web Aceite Lagaiana","og_description":"Consulta las condiciones de uso del sitio web de Aceite Lagaiana. Termas legales sobre acceso, navegaci\u00f3n, responsabilidad y derechos del usuario.","og_url":"https:\/\/olilagaiana.com\/condiciones-de-uso\/","og_site_name":"Olilagaiana - Tienda de aceite de oliva virgen extra","article_modified_time":"2025-06-06T09:40:50+00:00","twitter_card":"summary_large_image","twitter_misc":{"Tiempo de lectura":"11 minutos"},"schema":{"@context":"https:\/\/schema.org","@graph":[{"@type":"WebPage","@id":"https:\/\/olilagaiana.com\/condiciones-de-uso\/","url":"https:\/\/olilagaiana.com\/condiciones-de-uso\/","name":"Condiciones de uso | Termas legales del sitio web Aceite Lagaiana","isPartOf":{"@id":"https:\/\/olilagaiana.com\/#website"},"datePublished":"2025-04-05T09:56:43+00:00","dateModified":"2025-06-06T09:40:50+00:00","description":"Consulta las condiciones de uso del sitio web de Aceite Lagaiana. Termas legales sobre acceso, navegaci\u00f3n, responsabilidad y derechos del usuario.","breadcrumb":{"@id":"https:\/\/olilagaiana.com\/condiciones-de-uso\/#breadcrumb"},"inLanguage":"es","potentialAction":[{"@type":"ReadAction","target":["https:\/\/olilagaiana.com\/condiciones-de-uso\/"]}]},{"@type":"BreadcrumbList","@id":"https:\/\/olilagaiana.com\/condiciones-de-uso\/#breadcrumb","itemListElement":[{"@type":"ListItem","position":1,"name":"Portada","item":"https:\/\/olilagaiana.com\/es\/"},{"@type":"ListItem","position":2,"name":"Condiciones de uso"}]},{"@type":"WebSite","@id":"https:\/\/olilagaiana.com\/#website","url":"https:\/\/olilagaiana.com\/","name":"Olilagaiana - Tienda de aceite de oliva virgen extra","description":"Compra on line en Tienda de Aove, regala Aove","potentialAction":[{"@type":"SearchAction","target":{"@type":"EntryPoint","urlTemplate":"https:\/\/olilagaiana.com\/?s={search_term_string}"},"query-input":{"@type":"PropertyValueSpecification","valueRequired":true,"valueName":"search_term_string"}}],"inLanguage":"es"},{"@type":"ImageObject","inLanguage":"es","@id":"https:\/\/olilagaiana.com\/condiciones-de-uso\/#local-main-organization-logo","url":"","contentUrl":"","caption":"Olilagaiana - Tienda de aceite de oliva virgen extra"}]}},"jetpack_sharing_enabled":true,"_links":{"self":[{"href":"https:\/\/olilagaiana.com\/es\/wp-json\/wp\/v2\/pages\/19493","targetHints":{"allow":["GET"]}}],"collection":[{"href":"https:\/\/olilagaiana.com\/es\/wp-json\/wp\/v2\/pages"}],"about":[{"href":"https:\/\/olilagaiana.com\/es\/wp-json\/wp\/v2\/types\/page"}],"author":[{"embeddable":true,"href":"https:\/\/olilagaiana.com\/es\/wp-json\/wp\/v2\/users\/1"}],"replies":[{"embeddable":true,"href":"https:\/\/olilagaiana.com\/es\/wp-json\/wp\/v2\/comments?post=19493"}],"version-history":[{"count":6,"href":"https:\/\/olilagaiana.com\/es\/wp-json\/wp\/v2\/pages\/19493\/revisions"}],"predecessor-version":[{"id":19856,"href":"https:\/\/olilagaiana.com\/es\/wp-json\/wp\/v2\/pages\/19493\/revisions\/19856"}],"wp:attachment":[{"href":"https:\/\/olilagaiana.com\/es\/wp-json\/wp\/v2\/media?parent=19493"}],"curies":[{"name":"wp","href":"https:\/\/api.w.org\/{rel}","templated":true}]}}