{"id":19492,"date":"2025-05-05T13:54:39","date_gmt":"2025-05-05T11:54:39","guid":{"rendered":"https:\/\/olilagaiana.com\/desistimiento\/"},"modified":"2025-06-06T11:34:45","modified_gmt":"2025-06-06T09:34:45","slug":"desistimiento","status":"publish","type":"page","link":"https:\/\/olilagaiana.com\/es\/desistimiento\/","title":{"rendered":"Desistimiento"},"content":{"rendered":"<script type=\"text\/javascript\">var gform;gform||(document.addEventListener(\"gform_main_scripts_loaded\",function(){gform.scriptsLoaded=!0}),window.addEventListener(\"DOMContentLoaded\",function(){gform.domLoaded=!0}),gform={domLoaded:!1,scriptsLoaded:!1,initializeOnLoaded:function(o){gform.domLoaded&&gform.scriptsLoaded?o():!gform.domLoaded&&gform.scriptsLoaded?window.addEventListener(\"DOMContentLoaded\",o):document.addEventListener(\"gform_main_scripts_loaded\",o)},hooks:{action:{},filter:{}},addAction:function(o,n,r,t){gform.addHook(\"action\",o,n,r,t)},addFilter:function(o,n,r,t){gform.addHook(\"filter\",o,n,r,t)},doAction:function(o){gform.doHook(\"action\",o,arguments)},applyFilters:function(o){return gform.doHook(\"filter\",o,arguments)},removeAction:function(o,n){gform.removeHook(\"action\",o,n)},removeFilter:function(o,n,r){gform.removeHook(\"filter\",o,n,r)},addHook:function(o,n,r,t,i){null==gform.hooks[o][n]&&(gform.hooks[o][n]=[]);var e=gform.hooks[o][n];null==i&&(i=n+\"_\"+e.length),gform.hooks[o][n].push({tag:i,callable:r,priority:t=null==t?10:t})},doHook:function(n,o,r){var t;if(r=Array.prototype.slice.call(r,1),null!=gform.hooks[n][o]&&((o=gform.hooks[n][o]).sort(function(o,n){return o.priority-n.priority}),o.forEach(function(o){\"function\"!=typeof(t=o.callable)&&(t=window[t]),\"action\"==n?t.apply(null,r):r[0]=t.apply(null,r)})),\"filter\"==n)return r[0]},removeHook:function(o,n,t,i){var r;null!=gform.hooks[o][n]&&(r=(r=gform.hooks[o][n]).filter(function(o,n,r){return!!(null!=i&&i!=o.tag||null!=t&&t!=o.priority)}),gform.hooks[o][n]=r)}});<\/script>\r\n                <div class='gf_browser_gecko gform_wrapper gravity-theme' id='gform_wrapper_1' ><form method='post' enctype='multipart\/form-data'  id='gform_1'  action='\/es\/wp-json\/wp\/v2\/pages\/19492' >\r\n                        <div class='gform_body gform-body'><div id='gform_fields_1' class='gform_fields top_label form_sublabel_below description_below'><div id=\"field_1_1\"  class=\"gfield gfield_html gfield_html_formatted gfield_no_follows_desc field_sublabel_below field_description_below gfield_visibility_visible\"  data-js-reload=\"field_1_1\"><h2>FORMULARIO DE DESISTIMIENTO  <\/h2>\n\n<h3>Asunto: Desistimiento del contrato , servicio, producto adquirido<\/h3><\/div><div id=\"field_1_17\"  class=\"gfield gsection field_sublabel_below field_description_below gfield_visibility_visible\"  data-js-reload=\"field_1_17\"><h3 class=\"gsection_title\"><\/h3><\/div><div id=\"field_1_3\"  class=\"gfield gfield--width-full field_sublabel_below field_description_below gfield_visibility_visible\"  data-js-reload=\"field_1_3\"><label class='gfield_label' for='input_1_3' >Lugar y fecha:<\/label><div class='ginput_container ginput_container_text'><input name='input_3' id='input_1_3' type='text' value='' class='large'      aria-invalid=\"false\"   \/> <\/div><\/div><div id=\"field_1_4\"  class=\"gfield gfield--width-full field_sublabel_below field_description_below gfield_visibility_visible\"  data-js-reload=\"field_1_4\"><label class='gfield_label' for='input_1_4' >Por medio de la presente, pongo\/ponemos en su conocimiento mi\/nuestra voluntad de DESISTIR de nuestro contrato de prestaci\u00f3n o suministro de los siguientes servicios o adquisicion de los siguientes productos:<\/label><div class='ginput_container ginput_container_text'><input name='input_4' id='input_1_4' type='text' value='' class='large'      aria-invalid=\"false\"   \/> <\/div><\/div><div id=\"field_1_5\"  class=\"gfield gfield--width-full field_sublabel_below field_description_below gfield_visibility_visible\"  data-js-reload=\"field_1_5\"><label class='gfield_label' for='input_1_5' >Tipo de servicio(s) o Producto (s) y descripci\u00f3n del\/los mismo(s) (incluya, en su caso, el n\u00famero de referencia):<\/label><div class='ginput_container ginput_container_text'><input name='input_5' id='input_1_5' type='text' value='' class='large'      aria-invalid=\"false\"   \/> <\/div><\/div><div id=\"field_1_18\"  class=\"gfield gsection field_sublabel_below field_description_below gfield_visibility_visible\"  data-js-reload=\"field_1_18\"><h3 class=\"gsection_title\"><\/h3><\/div><div id=\"field_1_6\"  class=\"gfield gfield--width-full field_sublabel_below field_description_below gfield_visibility_visible\"  data-js-reload=\"field_1_6\"><label class='gfield_label' for='input_1_6' >N\u00ba del pedido:<\/label><div class='ginput_container ginput_container_text'><input name='input_6' id='input_1_6' type='text' value='' class='large'      aria-invalid=\"false\"   \/> <\/div><\/div><div id=\"field_1_8\"  class=\"gfield gfield--width-full field_sublabel_below field_description_below gfield_visibility_visible\"  data-js-reload=\"field_1_8\"><label class='gfield_label' for='input_1_8' >Fecha en la que se realiz\u00f3 o suscribi\u00f3 el pedido:<\/label><div class='ginput_container ginput_container_date'>\r\n                            <input name='input_8' id='input_1_8' type='text' value='' class='datepicker mdy datepicker_no_icon gdatepicker-no-icon'   placeholder='mm\/dd\/aaaa' aria-describedby=\"input_1_8_date_format\" aria-invalid=\"false\" \/>\r\n                            <span id='input_1_8_date_format' class='screen-reader-text'>MM barra DD barra AAAA<\/span>\r\n                        <\/div>\r\n                        <input type='hidden' id='gforms_calendar_icon_input_1_8' class='gform_hidden' value='https:\/\/olilagaiana.com\/wp-content\/plugins\/gravityforms\/images\/datepicker\/datepicker.svg'\/><\/div><div id=\"field_1_9\"  class=\"gfield gfield--width-full field_sublabel_below field_description_below gfield_visibility_visible\"  data-js-reload=\"field_1_9\"><label class='gfield_label' for='input_1_9' >Nombre y documento de identidad (DNI\/NIE\/Pasaporte) del\/los consumidor(es) y usuario(s) (se adjunta copia):<\/label><div class='ginput_container ginput_container_text'><input name='input_9' id='input_1_9' type='text' value='' class='large'      aria-invalid=\"false\"   \/> <\/div><\/div><div id=\"field_1_10\"  class=\"gfield gfield--width-full field_sublabel_below field_description_below gfield_visibility_visible\"  data-js-reload=\"field_1_10\"><label class='gfield_label' for='input_1_10' >Adjuntar:<\/label><div class='ginput_container ginput_container_fileupload'><input name='input_10' id='input_1_10' type='file' class='large' aria-describedby=\"gfield_upload_rules_1_10\" onchange='javascript:gformValidateFileSize( this, 2147483648 );'  \/><span class='gform_fileupload_rules' id='gfield_upload_rules_1_10'>Tama\u00f1o m\u00e1ximo de archivo: 2 GB.<\/span><div class='validation_message validation_message--hidden-on-empty' id='live_validation_message_1_10'><\/div><\/div><\/div><div id=\"field_1_20\"  class=\"gfield gsection field_sublabel_below field_description_below gfield_visibility_visible\"  data-js-reload=\"field_1_20\"><h3 class=\"gsection_title\"><\/h3><\/div><div id=\"field_1_11\"  class=\"gfield gfield--width-full field_sublabel_below field_description_below gfield_visibility_visible\"  data-js-reload=\"field_1_11\"><label class='gfield_label' for='input_1_11' >Direcci\u00f3n del\/los consumidor(es) y usuario(s):<\/label><div class='ginput_container ginput_container_text'><input name='input_11' id='input_1_11' type='text' value='' class='large'      aria-invalid=\"false\"   \/> <\/div><\/div><div id=\"field_1_12\"  class=\"gfield gfield--width-full field_sublabel_below field_description_below gfield_visibility_visible\"  data-js-reload=\"field_1_12\"><label class='gfield_label' for='input_1_12' >Tel\u00e9fono del\/los consumidor(es) y usuario(s):<\/label><div class='ginput_container ginput_container_text'><input name='input_12' id='input_1_12' type='text' value='' class='large'      aria-invalid=\"false\"   \/> <\/div><\/div><div id=\"field_1_13\"  class=\"gfield gfield--width-full field_sublabel_below field_description_below gfield_visibility_visible\"  data-js-reload=\"field_1_13\"><label class='gfield_label' for='input_1_13' >Correo electr\u00f3nico de\/los consumidor(es) y usuario(s):<\/label><div class='ginput_container ginput_container_text'><input name='input_13' id='input_1_13' type='text' value='' class='large'      aria-invalid=\"false\"   \/> <\/div><\/div><div id=\"field_1_14\"  class=\"gfield gfield--width-full field_sublabel_below field_description_below gfield_visibility_visible\"  data-js-reload=\"field_1_14\"><label class='gfield_label' for='input_1_14' >Nombre usuario que realizo el pedido en web:<\/label><div class='ginput_container ginput_container_text'><input name='input_14' id='input_1_14' type='text' value='' class='large'      aria-invalid=\"false\"   \/> <\/div><\/div><div id=\"field_1_16\"  class=\"gfield gfield--width-full gfield_html gfield_html_formatted gfield_no_follows_desc field_sublabel_below field_description_below gfield_visibility_visible\"  data-js-reload=\"field_1_16\"><div class=\"moz-signature\">\n\nEn\u00a0 caso de desistimiento por su parte, le devolveremos todos los pagos recibidos de usted, incluidos los gastos de entrega (con la excepci\u00f3n de los gastos adicionales resultantes de la elecci\u00f3n por su parte de una modalidad de entrega diferente a la modalidad menos costosa de entrega ordinaria que ofrezcamos) sin ninguna demora indebida y, en todo caso, a m\u00e1s tardar 14 d\u00edas a partir de la fecha en la que se nos informe de su decisi\u00f3n de desistir del presente contrato. Procederemos a efectuar dicho reembolso utilizando el mismo medio de pago empleado por usted para la transacci\u00f3n inicial, a no ser que haya usted dispuesto expresamente lo contrario; en todo caso, no incurrir\u00e1 en ning\u00fan gasto como consecuencia del reembolso. Una vez recibida la mercanc\u00eda en nuestros almacenes, y previa comprobaci\u00f3n del estado de la misma, se proceder\u00e1 al reintegro de su importe.\n\nDeber\u00e1 usted devolver o entregar los productos a olilagaiana.com en Carrer de Sant Isidre, 69B Alqueria de Roca, 46133 Meliana, Valencia, sin ninguna demora indebida y, en cualquier caso, a m\u00e1s tardar en el plazo de 14 d\u00edas a partir de la fecha en que nos comunique su decisi\u00f3n de desistimiento de su pedido o devoluci\u00f3n de alg\u00fan producto de su pedido. Se considerar\u00e1 cumplido el plazo si efect\u00faa la devoluci\u00f3n de los productos antes de que haya concluido dicho plazo. El cliente ser\u00e1 responsable de la disminuci\u00f3n de valor de los bienes resultantes de una manipulaci\u00f3n de los mismos distinta a la necesaria para establecer su naturaleza, sus caracter\u00edsticas o su funcionamiento, por lo que en este supuesto, el cliente percibir\u00e1 el valor del bien en las condiciones de recepci\u00f3n.\n\nEl cliente asumir\u00e1 los costes directos de devoluci\u00f3n de los bienes, entendidos como tales los gastos de env\u00edo postal de los mismos.\n\n&nbsp;\n<br><\/br>\n<\/div>\n<div class=\"moz-signature\"><b>Las excepciones al derecho de desistimiento son:<\/b>\n<ul>\n \t<li>Productos que por motivos higi\u00e9nicos o de salud no admitan devoluci\u00f3n, una vez hayan sido desprecintados y\/o unidos a otros bienes de forma indivisible<\/li>\n \t<li>Productos perecederos que puedan deteriorarse o caducar con rapidez<\/li>\n \t<li>Productos confeccionados espec\u00edficamente para el usuario, personalizados seg\u00fan sus indicaciones<\/li>\n<\/ul>\n<\/div>\n<div class=\"moz-signature\"><\/div><\/div><div id=\"field_1_21\"  class=\"gfield gfield--width-full field_sublabel_below field_description_below gfield_visibility_visible\"  data-js-reload=\"field_1_21\"><label class='gfield_label' for='input_1_21' >CAPTCHA<\/label><div id='input_1_21' class='ginput_container ginput_recaptcha' data-sitekey=''  data-theme='light' data-tabindex='0'  data-badge=''><\/div><\/div><fieldset id=\"field_1_22\"  class=\"gfield gfield--width-full field_sublabel_below field_description_below gfield_visibility_visible\"  data-js-reload=\"field_1_22\"><legend class='gfield_label gfield_label_before_complex'  >Consentimiento<\/legend><div class='ginput_container ginput_container_consent'><input name='input_22.1' id='input_1_22_1' type='checkbox' value='1'  aria-describedby=\"gfield_consent_description_1_22\"  aria-invalid=\"false\"   \/> <label class=\"gfield_consent_label\" for='input_1_22_1' >He leido y acepto <a href=\"\/politica-de-privacidad\/\">Politica de Privacidad.<\/a><\/label><input type='hidden' name='input_22.2' value='He leido y acepto &lt;a href=&quot;\/politica-de-privacidad\/&quot;&gt;Politica de Privacidad.&lt;\/a&gt;' class='gform_hidden' \/><input type='hidden' name='input_22.3' value='4' class='gform_hidden' \/><\/div><div class='gfield_description gfield_consent_description' id='gfield_consent_description_1_22'>Al pulsar ENVIAR nos facilitas tus datos, informandote que el Responsable es: olilagaiana.com , siendo la Finalidad; atender y gestionar su solicitud de desestimiento. La Legitimaci\u00f3n; es gracias a tu consentimiento. Destinatarios: tus datos se encuentran alojados en una base de datos de nuestro sitio web hasta la resoluci\u00f3n de su caso. Podr\u00e1s ejercer Tus Derechos de Acceso, Rectificaci\u00f3n, Limitaci\u00f3n o Suprimir tus datos en info@olilagaiana.com. Para m\u00e1s informaci\u00f3n consulte nuestra <a href=\"\/politica-de-privacidad\/\">pol\u00edtica de privacidad.<\/a><\/div><\/fieldset><\/div><\/div>\r\n        <div class='gform_footer top_label'> <input type='submit' id='gform_submit_button_1' class='gform_button button' value='Enviar'  onclick='if(window[\"gf_submitting_1\"]){return false;}  window[\"gf_submitting_1\"]=true;  ' onkeypress='if( event.keyCode == 13 ){ if(window[\"gf_submitting_1\"]){return false;} window[\"gf_submitting_1\"]=true;  jQuery(\"#gform_1\").trigger(\"submit\",[true]); }' \/> \r\n            <input type='hidden' class='gform_hidden' name='is_submit_1' value='1' \/>\r\n            <input type='hidden' class='gform_hidden' name='gform_submit' value='1' \/>\r\n            \r\n            <input type='hidden' class='gform_hidden' name='gform_unique_id' value='' \/>\r\n            <input type='hidden' class='gform_hidden' name='state_1' value='WyJ7XCIyMi4xXCI6XCI3OTU2ODcxMTdmMzdiMTNkM2Q2ZWM3ZDhhY2M1MTE4MFwiLFwiMjIuMlwiOlwiNDVkZGUyN2VkYzZlZTRjYjIxMjYwOGJiODVhNDFiNzRcIixcIjIyLjNcIjpcIjE4MTBlMmU5ODk5NjA2MjE5MzYwYjVjNGNjYjEwZDU3XCJ9IiwiYTFmY2I0MDk2ZDg4NTdmMTYyMzgxMWU0YTM0MzkyMDgiXQ==' \/>\r\n            <input type='hidden' class='gform_hidden' name='gform_target_page_number_1' id='gform_target_page_number_1' value='0' \/>\r\n            <input type='hidden' class='gform_hidden' name='gform_source_page_number_1' id='gform_source_page_number_1' value='1' \/>\r\n            <input type='hidden' name='gform_field_values' value='' \/>\r\n            \r\n        <\/div>\r\n                        <\/form>\r\n                        <\/div>\n","protected":false},"excerpt":{"rendered":"","protected":false},"author":1,"featured_media":0,"parent":0,"menu_order":0,"comment_status":"closed","ping_status":"closed","template":"","meta":{"footnotes":""},"class_list":["post-19492","page","type-page","status-publish","hentry"],"yoast_head":"<!-- This site is optimized with the Yoast SEO plugin v25.2 - https:\/\/yoast.com\/wordpress\/plugins\/seo\/ -->\n<title>Desestiment | Derecho de dejaci\u00f3n compres Aceite Lagaiana<\/title>\n<meta name=\"description\" content=\"Consulta la pol\u00edtica de desestiment de Aceite Lagaiana. Te informamos sobre como ejercer el derecho de dejaci\u00f3n en las compras de aceite de oliva virgen extra.\" \/>\n<meta name=\"robots\" content=\"index, follow, max-snippet:-1, max-image-preview:large, max-video-preview:-1\" \/>\n<link rel=\"canonical\" href=\"https:\/\/olilagaiana.com\/desistimiento\/\" \/>\n<meta property=\"og:locale\" content=\"es_ES\" \/>\n<meta property=\"og:type\" content=\"article\" \/>\n<meta property=\"og:title\" content=\"Desestiment | Derecho de dejaci\u00f3n compres Aceite Lagaiana\" \/>\n<meta property=\"og:description\" content=\"Consulta la pol\u00edtica de desestiment de Aceite Lagaiana. Te informamos sobre como ejercer el derecho de dejaci\u00f3n en las compras de aceite de oliva virgen extra.\" \/>\n<meta property=\"og:url\" content=\"https:\/\/olilagaiana.com\/desistimiento\/\" \/>\n<meta property=\"og:site_name\" content=\"Olilagaiana - Tienda de aceite de oliva virgen extra\" \/>\n<meta property=\"article:modified_time\" content=\"2025-06-06T09:34:45+00:00\" \/>\n<meta name=\"twitter:card\" content=\"summary_large_image\" \/>\n<meta name=\"twitter:label1\" content=\"Tiempo de lectura\" \/>\n\t<meta name=\"twitter:data1\" content=\"4 minutos\" \/>\n<script type=\"application\/ld+json\" class=\"yoast-schema-graph\">{\"@context\":\"https:\/\/schema.org\",\"@graph\":[{\"@type\":\"WebPage\",\"@id\":\"https:\/\/olilagaiana.com\/desistimiento\/\",\"url\":\"https:\/\/olilagaiana.com\/desistimiento\/\",\"name\":\"Desestiment | Derecho de dejaci\u00f3n compres Aceite Lagaiana\",\"isPartOf\":{\"@id\":\"https:\/\/olilagaiana.com\/#website\"},\"datePublished\":\"2025-05-05T11:54:39+00:00\",\"dateModified\":\"2025-06-06T09:34:45+00:00\",\"description\":\"Consulta la pol\u00edtica de desestiment de Aceite Lagaiana. Te informamos sobre como ejercer el derecho de dejaci\u00f3n en las compras de aceite de oliva virgen extra.\",\"breadcrumb\":{\"@id\":\"https:\/\/olilagaiana.com\/desistimiento\/#breadcrumb\"},\"inLanguage\":\"es\",\"potentialAction\":[{\"@type\":\"ReadAction\",\"target\":[\"https:\/\/olilagaiana.com\/desistimiento\/\"]}]},{\"@type\":\"BreadcrumbList\",\"@id\":\"https:\/\/olilagaiana.com\/desistimiento\/#breadcrumb\",\"itemListElement\":[{\"@type\":\"ListItem\",\"position\":1,\"name\":\"Portada\",\"item\":\"https:\/\/olilagaiana.com\/es\/\"},{\"@type\":\"ListItem\",\"position\":2,\"name\":\"Desistimiento\"}]},{\"@type\":\"WebSite\",\"@id\":\"https:\/\/olilagaiana.com\/#website\",\"url\":\"https:\/\/olilagaiana.com\/\",\"name\":\"Olilagaiana - Tienda de aceite de oliva virgen extra\",\"description\":\"Compra on line en Tienda de Aove, regala Aove\",\"potentialAction\":[{\"@type\":\"SearchAction\",\"target\":{\"@type\":\"EntryPoint\",\"urlTemplate\":\"https:\/\/olilagaiana.com\/?s={search_term_string}\"},\"query-input\":{\"@type\":\"PropertyValueSpecification\",\"valueRequired\":true,\"valueName\":\"search_term_string\"}}],\"inLanguage\":\"es\"},{\"@type\":\"ImageObject\",\"inLanguage\":\"es\",\"@id\":\"https:\/\/olilagaiana.com\/desistimiento\/#local-main-organization-logo\",\"url\":\"\",\"contentUrl\":\"\",\"caption\":\"Olilagaiana - Tienda de aceite de oliva virgen extra\"}]}<\/script>\n<!-- \/ Yoast SEO plugin. -->","yoast_head_json":{"title":"Desestiment | Derecho de dejaci\u00f3n compres Aceite Lagaiana","description":"Consulta la pol\u00edtica de desestiment de Aceite Lagaiana. Te informamos sobre como ejercer el derecho de dejaci\u00f3n en las compras de aceite de oliva virgen extra.","robots":{"index":"index","follow":"follow","max-snippet":"max-snippet:-1","max-image-preview":"max-image-preview:large","max-video-preview":"max-video-preview:-1"},"canonical":"https:\/\/olilagaiana.com\/desistimiento\/","og_locale":"es_ES","og_type":"article","og_title":"Desestiment | Derecho de dejaci\u00f3n compres Aceite Lagaiana","og_description":"Consulta la pol\u00edtica de desestiment de Aceite Lagaiana. Te informamos sobre como ejercer el derecho de dejaci\u00f3n en las compras de aceite de oliva virgen extra.","og_url":"https:\/\/olilagaiana.com\/desistimiento\/","og_site_name":"Olilagaiana - Tienda de aceite de oliva virgen extra","article_modified_time":"2025-06-06T09:34:45+00:00","twitter_card":"summary_large_image","twitter_misc":{"Tiempo de lectura":"4 minutos"},"schema":{"@context":"https:\/\/schema.org","@graph":[{"@type":"WebPage","@id":"https:\/\/olilagaiana.com\/desistimiento\/","url":"https:\/\/olilagaiana.com\/desistimiento\/","name":"Desestiment | Derecho de dejaci\u00f3n compres Aceite Lagaiana","isPartOf":{"@id":"https:\/\/olilagaiana.com\/#website"},"datePublished":"2025-05-05T11:54:39+00:00","dateModified":"2025-06-06T09:34:45+00:00","description":"Consulta la pol\u00edtica de desestiment de Aceite Lagaiana. Te informamos sobre como ejercer el derecho de dejaci\u00f3n en las compras de aceite de oliva virgen extra.","breadcrumb":{"@id":"https:\/\/olilagaiana.com\/desistimiento\/#breadcrumb"},"inLanguage":"es","potentialAction":[{"@type":"ReadAction","target":["https:\/\/olilagaiana.com\/desistimiento\/"]}]},{"@type":"BreadcrumbList","@id":"https:\/\/olilagaiana.com\/desistimiento\/#breadcrumb","itemListElement":[{"@type":"ListItem","position":1,"name":"Portada","item":"https:\/\/olilagaiana.com\/es\/"},{"@type":"ListItem","position":2,"name":"Desistimiento"}]},{"@type":"WebSite","@id":"https:\/\/olilagaiana.com\/#website","url":"https:\/\/olilagaiana.com\/","name":"Olilagaiana - Tienda de aceite de oliva virgen extra","description":"Compra on line en Tienda de Aove, regala Aove","potentialAction":[{"@type":"SearchAction","target":{"@type":"EntryPoint","urlTemplate":"https:\/\/olilagaiana.com\/?s={search_term_string}"},"query-input":{"@type":"PropertyValueSpecification","valueRequired":true,"valueName":"search_term_string"}}],"inLanguage":"es"},{"@type":"ImageObject","inLanguage":"es","@id":"https:\/\/olilagaiana.com\/desistimiento\/#local-main-organization-logo","url":"","contentUrl":"","caption":"Olilagaiana - Tienda de aceite de oliva virgen extra"}]}},"jetpack_sharing_enabled":true,"_links":{"self":[{"href":"https:\/\/olilagaiana.com\/es\/wp-json\/wp\/v2\/pages\/19492","targetHints":{"allow":["GET"]}}],"collection":[{"href":"https:\/\/olilagaiana.com\/es\/wp-json\/wp\/v2\/pages"}],"about":[{"href":"https:\/\/olilagaiana.com\/es\/wp-json\/wp\/v2\/types\/page"}],"author":[{"embeddable":true,"href":"https:\/\/olilagaiana.com\/es\/wp-json\/wp\/v2\/users\/1"}],"replies":[{"embeddable":true,"href":"https:\/\/olilagaiana.com\/es\/wp-json\/wp\/v2\/comments?post=19492"}],"version-history":[{"count":1,"href":"https:\/\/olilagaiana.com\/es\/wp-json\/wp\/v2\/pages\/19492\/revisions"}],"predecessor-version":[{"id":19764,"href":"https:\/\/olilagaiana.com\/es\/wp-json\/wp\/v2\/pages\/19492\/revisions\/19764"}],"wp:attachment":[{"href":"https:\/\/olilagaiana.com\/es\/wp-json\/wp\/v2\/media?parent=19492"}],"curies":[{"name":"wp","href":"https:\/\/api.w.org\/{rel}","templated":true}]}}