{"id":19478,"date":"2025-04-07T16:13:24","date_gmt":"2025-04-07T14:13:24","guid":{"rendered":"https:\/\/olilagaiana.com\/contacte\/"},"modified":"2026-01-16T05:50:26","modified_gmt":"2026-01-16T04:50:26","slug":"contacte","status":"publish","type":"page","link":"https:\/\/olilagaiana.com\/es\/contacte\/","title":{"rendered":"Contacto"},"content":{"rendered":"<p><div class=\"fusion-fullwidth fullwidth-box fusion-builder-row-1 fusion-flex-container has-pattern-background has-mask-background fusion-parallax-none nonhundred-percent-fullwidth non-hundred-percent-height-scrolling lazyload\" style=\"--awb-background-position:left center;--awb-border-radius-top-left:0px;--awb-border-radius-top-right:0px;--awb-border-radius-bottom-right:0px;--awb-border-radius-bottom-left:0px;--awb-padding-top:110px;--awb-padding-bottom:110px;--awb-padding-top-medium:45px;--awb-padding-bottom-medium:72px;--awb-background-color:var(--awb-color7);--awb-background-image:linear-gradient(180deg, hsla(var(--awb-color5-h),var(--awb-color5-s),calc(var(--awb-color5-l) - 15%),calc(var(--awb-color5-a) - 80%)) 0%,hsla(var(--awb-color5-h),var(--awb-color5-s),calc(var(--awb-color5-l) - 15%),calc(var(--awb-color5-a) - 80%)) 100%);;--awb-background-size:cover;--awb-flex-wrap:wrap;\" data-bg=\"https:\/\/olilagaiana.com\/wp-content\/uploads\/2025\/04\/DS101109.jpg\" data-bg-gradient=\"linear-gradient(180deg, hsla(var(--awb-color5-h),var(--awb-color5-s),calc(var(--awb-color5-l) - 15%),calc(var(--awb-color5-a) - 80%)) 0%,hsla(var(--awb-color5-h),var(--awb-color5-s),calc(var(--awb-color5-l) - 15%),calc(var(--awb-color5-a) - 80%)) 100%)\" ><div class=\"awb-background-mask\" style=\"background-image:  url(data:image\/svg+xml;utf8,%3Csvg%20width%3D%221920%22%20height%3D%22954%22%20fill%3D%22none%22%20xmlns%3D%22http%3A%2F%2Fwww.w3.org%2F2000%2Fsvg%22%3E%3Cg%20clip-path%3D%22url%28%23prefix__clip0_75_23245%29%22%3E%3Cpath%20fill-rule%3D%22evenodd%22%20clip-rule%3D%22evenodd%22%20d%3D%22M2351.91%20237.689l-852.66-492.288L1352.25%200H0v954h801.461l-.689%201.194%20852.668%20492.286%2010.79-18.7L841.885%20954h136.628l719.877%20415.62%2016.46-28.51L1044.35%20954h109.29l588.53%20339.79%2020.98-36.33L1237.53%20954h81.97l464.14%20267.97%2030.74-53.25L1442.47%20954h54.66l330.91%20191.06%2046.45-80.46L1682.93%20954h27.3l171.09%2098.78%2054.86-95.016-16.18-9.339v-7.881l19.59%2011.31%20412.32-714.165zM1920%20948.425l-836.49-482.948-54.86%2095.015L1710.23%20954H1920v-5.575zM1682.93%20954l-661.1-381.686-46.453%2080.454L1497.13%20954h185.8zm-240.46%200L961.712%20676.436l-30.743%2053.248L1319.5%20954h122.97zm-204.94%200L910.479%20765.174%20889.506%20801.5%201153.64%20954h83.89zm-193.18%200L862.184%20848.824l-16.46%2028.51L978.513%20954h65.837zm-202.465%200l-30.318-17.504L801.461%20954h40.424zM1920%20940.544l-833.08-480.978L1352.25%200H1920v940.544zm-307.55%20577.926l-852.666-492.28-6.215%2010.76%20852.671%20492.29%206.21-10.77zm-906.694-398.7l852.664%20492.28-2.6%204.51-852.663-492.29%202.599-4.5z%22%20fill%3D%22rgba%2830%2C41%2C38%2C1%29%22%2F%3E%3C%2Fg%3E%3Cdefs%3E%3CclipPath%20id%3D%22prefix__clip0_75_23245%22%3E%3Cpath%20fill%3D%22%23fff%22%20d%3D%22M0%200h1920v954H0z%22%2F%3E%3C%2FclipPath%3E%3C%2Fdefs%3E%3C%2Fsvg%3E);opacity: 1 ;transform: scale(1, -1);mix-blend-mode:normal;\"><\/div><div class=\"fusion-builder-row fusion-row fusion-flex-align-items-center fusion-flex-content-wrap\" style=\"max-width:1268.8px;margin-left: calc(-4% \/ 2 );margin-right: calc(-4% \/ 2 );\"><div class=\"fusion-layout-column fusion_builder_column fusion-builder-column-0 fusion_builder_column_2_3 2_3 fusion-flex-column fusion-animated\" style=\"--awb-bg-size:cover;--awb-width-large:66.666666666667%;--awb-margin-top-large:0px;--awb-spacing-right-large:9.36%;--awb-margin-bottom-large:0px;--awb-spacing-left-large:2.88%;--awb-width-medium:66.666666666667%;--awb-order-medium:0;--awb-spacing-right-medium:9.36%;--awb-spacing-left-medium:2.88%;--awb-width-small:100%;--awb-order-small:1;--awb-spacing-right-small:1.92%;--awb-spacing-left-small:1.92%;\" data-animationType=\"fadeInUp\" data-animationDuration=\"1.3\" data-animationOffset=\"top-into-view\"><div class=\"fusion-column-wrapper fusion-column-has-shadow fusion-flex-justify-content-flex-start fusion-content-layout-column\"><div class=\"fusion-title title fusion-title-1 fusion-sep-none fusion-title-text fusion-title-size-two\" style=\"--awb-text-color:var(--awb-color1);--awb-margin-top:0px;\"><h2 class=\"fusion-title-heading title-heading-left fusion-responsive-typography-calculated\" style=\"margin:0;--fontSize:50;line-height:var(--awb-typography1-line-height);\">Contacte<\/h2><\/div><div class=\"fusion-text fusion-text-1 fusion-text-no-margin\" style=\"--awb-font-size:var(--awb-typography4-font-size);--awb-line-height:var(--awb-typography4-line-height);--awb-letter-spacing:var(--awb-typography4-letter-spacing);--awb-text-transform:var(--awb-typography4-text-transform);--awb-text-color:var(--awb-color1);--awb-margin-right:25%;--awb-text-font-family:var(--awb-typography4-font-family);--awb-text-font-weight:var(--awb-typography4-font-weight);--awb-text-font-style:var(--awb-typography4-font-style);\"><p>contacteu amb nosaltres si teniu qualsevol dubte<\/p>\n<\/div><\/div><\/div><\/div><\/div><div class=\"fusion-fullwidth fullwidth-box fusion-builder-row-2 fusion-flex-container has-pattern-background has-mask-background nonhundred-percent-fullwidth non-hundred-percent-height-scrolling\" style=\"--awb-border-radius-top-left:0px;--awb-border-radius-top-right:0px;--awb-border-radius-bottom-right:0px;--awb-border-radius-bottom-left:0px;--awb-padding-top:120px;--awb-padding-bottom:120px;--awb-padding-top-medium:80px;--awb-padding-bottom-medium:80px;--awb-padding-bottom-small:80px;--awb-background-color:var(--awb-color6);--awb-flex-wrap:wrap;\" ><div class=\"fusion-builder-row fusion-row fusion-flex-align-items-flex-start fusion-flex-justify-content-center fusion-flex-content-wrap\" style=\"max-width:calc( 1220px + 90px );margin-left: calc(-90px \/ 2 );margin-right: calc(-90px \/ 2 );\"><div class=\"fusion-layout-column fusion_builder_column fusion-builder-column-1 fusion_builder_column_2_5 2_5 fusion-flex-column fusion-animated\" style=\"--awb-bg-size:cover;--awb-width-large:40%;--awb-margin-top-large:0px;--awb-spacing-right-large:45px;--awb-margin-bottom-large:0px;--awb-spacing-left-large:45px;--awb-width-medium:40%;--awb-order-medium:0;--awb-spacing-right-medium:45px;--awb-spacing-left-medium:45px;--awb-width-small:100%;--awb-order-small:0;--awb-spacing-right-small:45px;--awb-margin-bottom-small:20px;--awb-spacing-left-small:45px;\" data-animationType=\"fadeInUp\" data-animationDuration=\"1.3\" data-animationOffset=\"top-into-view\"><div class=\"fusion-column-wrapper fusion-column-has-shadow fusion-flex-justify-content-flex-start fusion-content-layout-column\"><div class=\"fusion-image-element \" style=\"--awb-caption-title-font-family:var(--h2_typography-font-family);--awb-caption-title-font-weight:var(--h2_typography-font-weight);--awb-caption-title-font-style:var(--h2_typography-font-style);--awb-caption-title-size:var(--h2_typography-font-size);--awb-caption-title-transform:var(--h2_typography-text-transform);--awb-caption-title-line-height:var(--h2_typography-line-height);--awb-caption-title-letter-spacing:var(--h2_typography-letter-spacing);\"><span class=\" fusion-imageframe imageframe-none imageframe-1 hover-type-none\"><img decoding=\"async\" width=\"786\" height=\"317\" title=\"062ba0bd-c5a5-471d-8d81-d5ff4802af05.jpg_logo-removebg-preview\" src=\"https:\/\/olilagaiana.com\/wp-content\/uploads\/2025\/12\/062ba0bd-c5a5-471d-8d81-d5ff4802af05.jpg_logo-removebg-preview.png\" data-orig-src=\"https:\/\/olilagaiana.com\/wp-content\/uploads\/2025\/12\/062ba0bd-c5a5-471d-8d81-d5ff4802af05.jpg_logo-removebg-preview.png\" alt class=\"lazyload img-responsive wp-image-20301\" srcset=\"data:image\/svg+xml,%3Csvg%20xmlns%3D%27http%3A%2F%2Fwww.w3.org%2F2000%2Fsvg%27%20width%3D%27786%27%20height%3D%27317%27%20viewBox%3D%270%200%20786%20317%27%3E%3Crect%20width%3D%27786%27%20height%3D%27317%27%20fill-opacity%3D%220%22%2F%3E%3C%2Fsvg%3E\" data-srcset=\"https:\/\/olilagaiana.com\/wp-content\/uploads\/2025\/12\/062ba0bd-c5a5-471d-8d81-d5ff4802af05.jpg_logo-removebg-preview-200x81.png 200w, https:\/\/olilagaiana.com\/wp-content\/uploads\/2025\/12\/062ba0bd-c5a5-471d-8d81-d5ff4802af05.jpg_logo-removebg-preview-400x161.png 400w, https:\/\/olilagaiana.com\/wp-content\/uploads\/2025\/12\/062ba0bd-c5a5-471d-8d81-d5ff4802af05.jpg_logo-removebg-preview-600x242.png 600w, https:\/\/olilagaiana.com\/wp-content\/uploads\/2025\/12\/062ba0bd-c5a5-471d-8d81-d5ff4802af05.jpg_logo-removebg-preview.png 786w\" data-sizes=\"auto\" data-orig-sizes=\"(max-width: 640px) 100vw, 600px\" \/><\/span><\/div><div class=\"fusion-text fusion-text-2 fusion-text-no-margin\" style=\"--awb-text-color:var(--awb-color1);--awb-margin-right:10%;--awb-margin-bottom:30px;\"><div class=\"elementor-element elementor-element-c273997 elementor-widget elementor-widget-heading\" data-id=\"c273997\" data-element_type=\"widget\" data-widget_type=\"heading.default\">\n<p>EMAIL<\/p>\n<\/div>\n<div class=\"elementor-element elementor-element-6f858e6 elementor-widget elementor-widget-text-editor\" data-id=\"6f858e6\" data-element_type=\"widget\" data-widget_type=\"text-editor.default\">\n<div class=\"elementor-widget-container\">\n<p>amparomarti_roca@hotmail.com<\/p>\n<p>TEL\u00c9FONO<\/p>\n<\/div>\n<\/div>\n<div class=\"elementor-element elementor-element-9a07695 elementor-widget elementor-widget-text-editor\" data-id=\"9a07695\" data-element_type=\"widget\" data-widget_type=\"text-editor.default\">\n<div class=\"elementor-widget-container\">\n<p>660363898<\/p>\n<\/div>\n<\/div>\n<\/div><div class=\"fusion-title title fusion-title-2 fusion-sep-none fusion-title-text fusion-title-size-five\" style=\"--awb-text-color:var(--awb-color1);\"><h5 class=\"fusion-title-heading title-heading-left fusion-responsive-typography-calculated\" style=\"margin:0;--fontSize:20;--minFontSize:20;line-height:var(--awb-typography1-line-height);\">On poden comprar<\/h5><\/div><div class=\"fusion-text fusion-text-3 fusion-text-no-margin\" style=\"--awb-text-color:var(--awb-color1);--awb-margin-right:10%;--awb-margin-bottom:30px;\"><div class=\"elementor-element elementor-element-c273997 elementor-widget elementor-widget-heading\" data-id=\"c273997\" data-element_type=\"widget\" data-widget_type=\"heading.default\"><\/div>\n<div class=\"elementor-element elementor-element-6f858e6 elementor-widget elementor-widget-text-editor\" data-id=\"6f858e6\" data-element_type=\"widget\" data-widget_type=\"text-editor.default\">\n<div class=\"elementor-widget-container\">\n<p><a href=\"https:\/\/lime-porcupine-913141.hostingersite.com\/botiga\/\">Tienda en l\u00ednea<\/a><\/p>\n<p>O a nuestras instalaciones a Calle de San Isidro, 69B &#8211; Alquer\u00eda de Roca<\/p>\n<\/div>\n<\/div>\n<\/div><iframe style=\"border: 0;\" src=\"https:\/\/www.google.com\/maps\/embed?pb=!1m18!1m12!1m3!1d3077.3829396898436!2d-0.32531622360573414!3d39.52841450922503!2m3!1f0!2f0!3f0!3m2!1i1024!2i768!4f13.1!3m3!1m2!1s0xd60470a1946be79:0xf864430839f7ee15!2sCarrer de Sant Isidre, 69B, 46133 Alqueria de Roca, Val\u00e8ncia!5e0!3m2!1ses!2ses!4v1745393061899!5m2!1ses!2ses\" width=\"500\" height=\"350\" allowfullscreen=\"allowfullscreen\"><\/iframe><\/div><\/div><div class=\"fusion-layout-column fusion_builder_column fusion-builder-column-2 fusion_builder_column_3_5 3_5 fusion-flex-column fusion-flex-align-self-center fusion-animated\" style=\"--awb-padding-top:60px;--awb-padding-right:60px;--awb-padding-bottom:50px;--awb-padding-left:40px;--awb-padding-top-medium:45px;--awb-padding-right-medium:30px;--awb-padding-bottom-medium:30px;--awb-padding-left-medium:30px;--awb-padding-right-small:27px;--awb-padding-left-small:20px;--awb-bg-color:var(--awb-color1);--awb-bg-color-hover:var(--awb-color1);--awb-bg-size:cover;--awb-border-color:var(--awb-color7);--awb-border-top:1px;--awb-border-right:1px;--awb-border-bottom:1px;--awb-border-left:1px;--awb-border-style:solid;--awb-width-large:60%;--awb-margin-top-large:40px;--awb-spacing-right-large:45px;--awb-margin-bottom-large:20px;--awb-spacing-left-large:45px;--awb-width-medium:60%;--awb-order-medium:0;--awb-spacing-right-medium:45px;--awb-spacing-left-medium:45px;--awb-width-small:100%;--awb-order-small:0;--awb-spacing-right-small:45px;--awb-spacing-left-small:45px;\" data-animationType=\"fadeInUp\" data-animationDuration=\"1.3\" data-animationDelay=\"0.3\" data-animationOffset=\"top-into-view\" data-scroll-devices=\"small-visibility,medium-visibility,large-visibility\"><div class=\"fusion-column-wrapper fusion-column-has-shadow fusion-flex-justify-content-center fusion-content-layout-column\">\n<div class=\"wpcf7 no-js\" id=\"wpcf7-f19580-o1\" lang=\"es-ES\" dir=\"ltr\" data-wpcf7-id=\"19580\">\n<div class=\"screen-reader-response\"><p role=\"status\" aria-live=\"polite\" aria-atomic=\"true\"><\/p> <ul><\/ul><\/div>\n<form action=\"\/es\/wp-json\/wp\/v2\/pages\/19478#wpcf7-f19580-o1\" method=\"post\" class=\"wpcf7-form init\" aria-label=\"Formulario de contacto\" novalidate=\"novalidate\" data-status=\"init\">\n<div style=\"display: none;\">\n<input type=\"hidden\" name=\"_wpcf7\" value=\"19580\" \/>\n<input type=\"hidden\" name=\"_wpcf7_version\" value=\"6.0.6\" \/>\n<input type=\"hidden\" name=\"_wpcf7_locale\" value=\"es_ES\" \/>\n<input type=\"hidden\" name=\"_wpcf7_unit_tag\" value=\"wpcf7-f19580-o1\" \/>\n<input type=\"hidden\" name=\"_wpcf7_container_post\" value=\"0\" \/>\n<input type=\"hidden\" name=\"_wpcf7_posted_data_hash\" value=\"\" \/>\n<\/div>\n<div class=\"fusion-alert alert custom alert-custom fusion-alert-center wpcf7-response-output awb-alert-native-link-color alert-dismissable awb-alert-close-boxed\" style=\"--awb-border-size:1px;--awb-border-top-left-radius:0px;--awb-border-top-right-radius:0px;--awb-border-bottom-left-radius:0px;--awb-border-bottom-right-radius:0px;\" role=\"alert\"><div class=\"fusion-alert-content-wrapper\"><span class=\"fusion-alert-content\"><\/span><\/div><button type=\"button\" class=\"close toggle-alert\" data-dismiss=\"alert\" aria-label=\"Close\">&times;<\/button><\/div>\n<p><label for=\"your-name\">Nomble (obligatorio)<\/label>\n<\/p>\n<p><span class=\"wpcf7-form-control-wrap\" data-name=\"your-name\"><input size=\"40\" maxlength=\"400\" class=\"wpcf7-form-control wpcf7-text wpcf7-validates-as-required\" id=\"your-name\" aria-required=\"true\" aria-invalid=\"false\" value=\"\" type=\"text\" name=\"your-name\" \/><\/span>\n<\/p>\n<p><label for=\"your-subject\">E-mail (obligatorio)<\/label>\n<\/p>\n<p><span class=\"wpcf7-form-control-wrap\" data-name=\"your-subject\"><input size=\"40\" maxlength=\"400\" class=\"wpcf7-form-control wpcf7-text\" id=\"your-subject\" aria-invalid=\"false\" value=\"\" type=\"text\" name=\"your-subject\" \/><\/span>\n<\/p>\n<p><label for=\"your-subject\">Tel\u00e9fono (obligatorio)<\/label>\n<\/p>\n<p><span class=\"wpcf7-form-control-wrap\" data-name=\"your-subject\"><input size=\"40\" maxlength=\"400\" class=\"wpcf7-form-control wpcf7-text\" aria-invalid=\"false\" value=\"\" type=\"text\" name=\"your-subject\" \/><\/span>\n<\/p>\n<p><label for=\"your-message\">Tu mensaje<\/label>\n<\/p>\n<p><span class=\"wpcf7-form-control-wrap\" data-name=\"your-message\"><textarea cols=\"40\" rows=\"10\" maxlength=\"2000\" class=\"wpcf7-form-control wpcf7-textarea\" id=\"your-message\" aria-invalid=\"false\" name=\"your-message\"><\/textarea><\/span>\n<\/p>\n\n<!-- POL\u00cdTICA DE PRIVACIDAD-->\n<p><label for=\"your-pr\">Campos obligatorios<\/label><br \/>\n<span class=\"wpcf7-form-control-wrap\" data-name=\"acceptance-658\"><span class=\"wpcf7-form-control wpcf7-acceptance\"><span class=\"wpcf7-list-item\"><input type=\"checkbox\" name=\"acceptance-658\" value=\"1\" id=\"your-pr\" aria-invalid=\"false\" \/><\/span><\/span><\/span> He leido y acepto la <a href=\"\/politica-de-privacidad\/\">pol\u00edtica de privacidad<\/a>\n<\/p>\n<p style=\"font-size: 13px;line-height: 19px;\">Al pulsar ENVIAR nos facilitas tus datos, informandote que el Responsable es: olilagaiana.com, siendo la Finalidad; responder a su consulta y enviarle la informaci\u00f3n que solicita. La Legitimaci\u00f3n; es gracias a tu consentimiento. Destinatarios: tus datos se encuentran alojados en una base de datos de nuestro sitio web hasta la resoluci\u00f3n de la consulta. Podr\u00e1s ejercer Tus Derechos de Acceso, Rectificaci\u00f3n, Limitaci\u00f3n o Suprimir tus datos en info@olilagaiana.com. Para m\u00e1s informaci\u00f3n consulte nuestra <a href=\"\/politica-de-privacidad\/\">pol\u00edtica de privacidad<\/a>.\n<\/p>\n<p><input class=\"wpcf7-form-control wpcf7-submit has-spinner\" type=\"submit\" value=\"Enviar\" \/>\n<\/p>\n<\/form>\n<\/div>\n<\/div><\/div><\/div><\/div><\/p>\n","protected":false},"excerpt":{"rendered":"","protected":false},"author":1,"featured_media":0,"parent":0,"menu_order":0,"comment_status":"closed","ping_status":"closed","template":"100-width.php","meta":{"footnotes":""},"class_list":["post-19478","page","type-page","status-publish","hentry"],"yoast_head":"<!-- This site is optimized with the Yoast SEO plugin v25.2 - https:\/\/yoast.com\/wordpress\/plugins\/seo\/ -->\n<title>Contacto | Parla con Aceite Lagaiana, aceite de oliva virgen extra<\/title>\n<meta name=\"description\" content=\"Contacta con Aceite Lagaiana para informaci\u00f3n sobre nuestro aceite de oliva virgen extra valenciano, pedidos y atenci\u00f3n personalizada.\" \/>\n<meta name=\"robots\" content=\"index, follow, max-snippet:-1, max-image-preview:large, max-video-preview:-1\" \/>\n<link rel=\"canonical\" href=\"https:\/\/olilagaiana.com\/es\/contacte\/\" \/>\n<meta property=\"og:locale\" content=\"es_ES\" \/>\n<meta property=\"og:type\" content=\"article\" \/>\n<meta property=\"og:title\" content=\"Contacto | Parla con Aceite Lagaiana, aceite de oliva virgen extra\" \/>\n<meta property=\"og:description\" content=\"Contacta con Aceite Lagaiana para informaci\u00f3n sobre nuestro aceite de oliva virgen extra valenciano, pedidos y atenci\u00f3n personalizada.\" \/>\n<meta property=\"og:url\" content=\"https:\/\/olilagaiana.com\/es\/contacte\/\" \/>\n<meta property=\"og:site_name\" content=\"Olilagaiana - Tienda de aceite de oliva virgen extra\" \/>\n<meta property=\"article:modified_time\" content=\"2026-01-16T04:50:26+00:00\" \/>\n<meta name=\"twitter:card\" content=\"summary_large_image\" \/>\n<meta name=\"twitter:label1\" content=\"Tiempo de lectura\" \/>\n\t<meta name=\"twitter:data1\" content=\"1 minuto\" \/>\n<script type=\"application\/ld+json\" class=\"yoast-schema-graph\">{\"@context\":\"https:\/\/schema.org\",\"@graph\":[{\"@type\":\"WebPage\",\"@id\":\"https:\/\/olilagaiana.com\/es\/contacte\/\",\"url\":\"https:\/\/olilagaiana.com\/es\/contacte\/\",\"name\":\"Contacto | Parla con Aceite Lagaiana, aceite de oliva virgen extra\",\"isPartOf\":{\"@id\":\"https:\/\/olilagaiana.com\/#website\"},\"datePublished\":\"2025-04-07T14:13:24+00:00\",\"dateModified\":\"2026-01-16T04:50:26+00:00\",\"description\":\"Contacta con Aceite Lagaiana para informaci\u00f3n sobre nuestro aceite de oliva virgen extra valenciano, pedidos y atenci\u00f3n personalizada.\",\"breadcrumb\":{\"@id\":\"https:\/\/olilagaiana.com\/es\/contacte\/#breadcrumb\"},\"inLanguage\":\"es\",\"potentialAction\":[{\"@type\":\"ReadAction\",\"target\":[\"https:\/\/olilagaiana.com\/es\/contacte\/\"]}]},{\"@type\":\"BreadcrumbList\",\"@id\":\"https:\/\/olilagaiana.com\/es\/contacte\/#breadcrumb\",\"itemListElement\":[{\"@type\":\"ListItem\",\"position\":1,\"name\":\"Portada\",\"item\":\"https:\/\/olilagaiana.com\/es\/\"},{\"@type\":\"ListItem\",\"position\":2,\"name\":\"Contacto\"}]},{\"@type\":\"WebSite\",\"@id\":\"https:\/\/olilagaiana.com\/#website\",\"url\":\"https:\/\/olilagaiana.com\/\",\"name\":\"Olilagaiana - Tienda de aceite de oliva virgen extra\",\"description\":\"Compra on line en Tienda de Aove, regala Aove\",\"potentialAction\":[{\"@type\":\"SearchAction\",\"target\":{\"@type\":\"EntryPoint\",\"urlTemplate\":\"https:\/\/olilagaiana.com\/?s={search_term_string}\"},\"query-input\":{\"@type\":\"PropertyValueSpecification\",\"valueRequired\":true,\"valueName\":\"search_term_string\"}}],\"inLanguage\":\"es\"},{\"@type\":\"ImageObject\",\"inLanguage\":\"es\",\"@id\":\"https:\/\/olilagaiana.com\/es\/contacte\/#local-main-organization-logo\",\"url\":\"\",\"contentUrl\":\"\",\"caption\":\"Olilagaiana - Tienda de aceite de oliva virgen extra\"}]}<\/script>\n<!-- \/ Yoast SEO plugin. -->","yoast_head_json":{"title":"Contacto | Parla con Aceite Lagaiana, aceite de oliva virgen extra","description":"Contacta con Aceite Lagaiana para informaci\u00f3n sobre nuestro aceite de oliva virgen extra valenciano, pedidos y atenci\u00f3n personalizada.","robots":{"index":"index","follow":"follow","max-snippet":"max-snippet:-1","max-image-preview":"max-image-preview:large","max-video-preview":"max-video-preview:-1"},"canonical":"https:\/\/olilagaiana.com\/es\/contacte\/","og_locale":"es_ES","og_type":"article","og_title":"Contacto | Parla con Aceite Lagaiana, aceite de oliva virgen extra","og_description":"Contacta con Aceite Lagaiana para informaci\u00f3n sobre nuestro aceite de oliva virgen extra valenciano, pedidos y atenci\u00f3n personalizada.","og_url":"https:\/\/olilagaiana.com\/es\/contacte\/","og_site_name":"Olilagaiana - Tienda de aceite de oliva virgen extra","article_modified_time":"2026-01-16T04:50:26+00:00","twitter_card":"summary_large_image","twitter_misc":{"Tiempo de lectura":"1 minuto"},"schema":{"@context":"https:\/\/schema.org","@graph":[{"@type":"WebPage","@id":"https:\/\/olilagaiana.com\/es\/contacte\/","url":"https:\/\/olilagaiana.com\/es\/contacte\/","name":"Contacto | Parla con Aceite Lagaiana, aceite de oliva virgen extra","isPartOf":{"@id":"https:\/\/olilagaiana.com\/#website"},"datePublished":"2025-04-07T14:13:24+00:00","dateModified":"2026-01-16T04:50:26+00:00","description":"Contacta con Aceite Lagaiana para informaci\u00f3n sobre nuestro aceite de oliva virgen extra valenciano, pedidos y atenci\u00f3n personalizada.","breadcrumb":{"@id":"https:\/\/olilagaiana.com\/es\/contacte\/#breadcrumb"},"inLanguage":"es","potentialAction":[{"@type":"ReadAction","target":["https:\/\/olilagaiana.com\/es\/contacte\/"]}]},{"@type":"BreadcrumbList","@id":"https:\/\/olilagaiana.com\/es\/contacte\/#breadcrumb","itemListElement":[{"@type":"ListItem","position":1,"name":"Portada","item":"https:\/\/olilagaiana.com\/es\/"},{"@type":"ListItem","position":2,"name":"Contacto"}]},{"@type":"WebSite","@id":"https:\/\/olilagaiana.com\/#website","url":"https:\/\/olilagaiana.com\/","name":"Olilagaiana - Tienda de aceite de oliva virgen extra","description":"Compra on line en Tienda de Aove, regala Aove","potentialAction":[{"@type":"SearchAction","target":{"@type":"EntryPoint","urlTemplate":"https:\/\/olilagaiana.com\/?s={search_term_string}"},"query-input":{"@type":"PropertyValueSpecification","valueRequired":true,"valueName":"search_term_string"}}],"inLanguage":"es"},{"@type":"ImageObject","inLanguage":"es","@id":"https:\/\/olilagaiana.com\/es\/contacte\/#local-main-organization-logo","url":"","contentUrl":"","caption":"Olilagaiana - Tienda de aceite de oliva virgen extra"}]}},"jetpack_sharing_enabled":true,"_links":{"self":[{"href":"https:\/\/olilagaiana.com\/es\/wp-json\/wp\/v2\/pages\/19478","targetHints":{"allow":["GET"]}}],"collection":[{"href":"https:\/\/olilagaiana.com\/es\/wp-json\/wp\/v2\/pages"}],"about":[{"href":"https:\/\/olilagaiana.com\/es\/wp-json\/wp\/v2\/types\/page"}],"author":[{"embeddable":true,"href":"https:\/\/olilagaiana.com\/es\/wp-json\/wp\/v2\/users\/1"}],"replies":[{"embeddable":true,"href":"https:\/\/olilagaiana.com\/es\/wp-json\/wp\/v2\/comments?post=19478"}],"version-history":[{"count":9,"href":"https:\/\/olilagaiana.com\/es\/wp-json\/wp\/v2\/pages\/19478\/revisions"}],"predecessor-version":[{"id":20342,"href":"https:\/\/olilagaiana.com\/es\/wp-json\/wp\/v2\/pages\/19478\/revisions\/20342"}],"wp:attachment":[{"href":"https:\/\/olilagaiana.com\/es\/wp-json\/wp\/v2\/media?parent=19478"}],"curies":[{"name":"wp","href":"https:\/\/api.w.org\/{rel}","templated":true}]}}