{"id":19454,"date":"2025-05-07T06:53:08","date_gmt":"2025-05-07T04:53:08","guid":{"rendered":"https:\/\/olilagaiana.com\/reemborsaments_devolucions\/"},"modified":"2025-06-06T11:41:19","modified_gmt":"2025-06-06T09:41:19","slug":"reemborsaments_devolucions","status":"publish","type":"page","link":"https:\/\/olilagaiana.com\/es\/reemborsaments_devolucions\/","title":{"rendered":"Devoluciones y reembolsos"},"content":{"rendered":"<p>&nbsp;<\/p>\n<p>Visi\u00f3n general<\/p>\n<p>Nuestra pol\u00edtica de reembolso y devoluciones tiene una duraci\u00f3n de 30 d\u00edas. Si han pasado 30 d\u00edas desde la compra, no os podemos ofrecer un reembolso completo ni un cambio.<\/p>\n<p>Para poder optar a una devoluci\u00f3n, el art\u00edculo tiene que estar sin utilizar y en el mismo estado en que lo recibisteis. Tambi\u00e9n tiene que estar en el embalaje original.<\/p>\n<p>Varios tipos de productos est\u00e1n exentos de ser devueltos. No se pueden devolver productos perecederos como por ejemplo alimentos, flores, diarios o revistas. Tampoco aceptamos productos que sean art\u00edculos \u00edntimos o sanitarios, materiales peligrosos o l\u00edquidos o gases inflamables.<\/p>\n<p>Art\u00edculos adicionales no retornables:<\/p>\n<p>Tarjetas regalo<br \/>Productos de software descargables<br \/>Algunos art\u00edculos de salud y cura personal<\/p>\n<p>Para completar la devoluci\u00f3n, necesitamos un recibo o un comprobante de compra.<\/p>\n<p>Por favor, no volv\u00e9is la compra al fabricante.<\/p>\n<p>Hay ciertas situaciones en que solo se conceden reembolsos parciales:<\/p>\n<p>Libro con signos evidentes de uso<br \/>CD, DVD, cinta VHS, software, videojuego, cinta de casete o disco de vinilo que se haya abierto.<br \/>Cualquier art\u00edculo que no est\u00e9 en su estado original, est\u00e9 da\u00f1ado o le falten piezas por motivos que no sean debidos a un error nuestro.<br \/>Cualquier art\u00edculo que se devuelva m\u00e1s de 30 d\u00edas despu\u00e9s de la entrega<\/p>\n<p>Reembolsos<\/p>\n<p>Una vez recibida e inspeccionada vuestra devoluci\u00f3n, os enviaremos un correo electr\u00f3nico para notificaros que hemos recibido vuestro art\u00edculo devuelto. Tambi\u00e9n os notificaremos la aprobaci\u00f3n o el rechazo de vuestro reembolso.<\/p>\n<p>Si sois aprobado, vuestro reembolso se procesar\u00e1 y se aplicar\u00e1 autom\u00e1ticamente un cr\u00e9dito a vuestra tarjeta de cr\u00e9dito o m\u00e9todo de pago original, en un plazo de d\u00edas determinados.<\/p>\n<p>Reembolsos tard\u00edos o perdidos<\/p>\n<p>Si todav\u00eda no hab\u00e9is recibido un reembolso, primero volv\u00e9is a comprobar vuestra cuenta bancaria.<\/p>\n<p>A continuaci\u00f3n, poneos en contacto con la compa\u00f1\u00eda de vuestra tarjeta de cr\u00e9dito, puede tardar un rato a registrarse oficialmente el reembolso.<\/p>\n<p>A continuaci\u00f3n, contact\u00e1is con vuestro banco. A menudo hay un tiempo de procesamiento antes de que se publique un reembolso.<\/p>\n<p>Si hab\u00e9is hecho todo esto y todav\u00eda no hab\u00e9is recibido el reembolso, poneos en contacto con nosotros a info@olilagaiana.com.<\/p>\n<p>Art\u00edculos en oferta<\/p>\n<p>Solo se pueden reembolsar los art\u00edculos a precio normal. Los art\u00edculos en oferta no se pueden reembolsar.<\/p>\n<p>Cambios<\/p>\n<p>Solo sustituimos los art\u00edculos si son defectuosos o da\u00f1ados. Si necesit\u00e1is cambiarlos por el mismo art\u00edculo, enviadnos un correo electr\u00f3nico a info@olilagaiana.com envi\u00e1is vuestro art\u00edculo a:<\/p>\n<p>Calle de San Isidro, 69B Alquer\u00eda de Roca, 46133 Meliana, Valencia<\/p>\n<p>Regalos<\/p>\n<p>Si el art\u00edculo estaba marcado como regalo cuando se compr\u00f3 y se envi\u00f3 directamente a vosotros, recibir\u00e9is un cr\u00e9dito de regalo por el valor de vuestra devoluci\u00f3n. Una vez recibida el art\u00edculo devuelto, os enviaremos un cheque regalo por correo.<\/p>\n<p>Si el art\u00edculo no estaba marcado como regalo cuando lo comprasteis, o si el donante se hizo enviar el pedido para d\u00e1rosla m\u00e1s tarde, enviaremos un reembolso al donante y \u00e9l se informar\u00e1 de vuestra devoluci\u00f3n.<\/p>\n<p>1.088 \/ 5.000<\/p>\n<p>Devoluciones de env\u00edo<\/p>\n<p>Para devolver el producto, ten\u00e9is que enviarlo por correo a:<\/p>\n<p>Calle de San Isidro, 69B Alquer\u00eda de Roca, 46133 Meliana, Valencia<\/p>\n<p>Ser\u00e9is responsables de pagar vuestros propios gastos de env\u00edo para devolver el art\u00edculo. Los gastos de env\u00edo no son reembolsables. Si recib\u00eds un reembolso, el coste del env\u00edo de la devoluci\u00f3n se deducir\u00e1 de vuestro reembolso.<\/p>\n<p>Seg\u00fan donde viv\u00e1is, el tiempo que tardar\u00e1 a llegar el producto cambiado puede variar.<\/p>\n<p>Si devolv\u00e9is art\u00edculos m\u00e1s caros, pod\u00e9is considerar utilizar un servicio de env\u00edo con seguimiento o contratar un seguro de env\u00edo. No garantizamos que recibimos vuestro art\u00edculo devuelto.<\/p>\n<p>Necesit\u00e1is ayuda?<\/p>\n<p>Poneos en contacto con nosotros a info@olilagaiana.com para preguntas relacionadas con reembolsos y devoluciones.<\/p>\n<p><\/p>\n<!-- \/wp:post-content -->","protected":false},"excerpt":{"rendered":"<p>&nbsp; Visi\u00f3n general Nuestra pol\u00edtica de reembolso y devoluciones tiene&hellip; <a class=\"continue\" href=\"https:\/\/olilagaiana.com\/es\/reemborsaments_devolucions\/\">Continuar<span> Devoluciones y reembolsos<\/span><\/a><\/p>\n","protected":false},"author":1,"featured_media":0,"parent":0,"menu_order":0,"comment_status":"closed","ping_status":"closed","template":"100-width.php","meta":{"footnotes":""},"class_list":["post-19454","page","type-page","status-publish","hentry"],"yoast_head":"<!-- This site is optimized with the Yoast SEO plugin v25.2 - https:\/\/yoast.com\/wordpress\/plugins\/seo\/ -->\n<title>Devoluciones y reembolsos | Aceite Lagaiana AOVE valenciano<\/title>\n<meta name=\"description\" content=\"Consulta nuestra pol\u00edtica de devoluciones y reembolsos. Compra aceite de oliva virgen extra con total confianza y facilita tu satisfacci\u00f3n.\" \/>\n<meta name=\"robots\" content=\"index, follow, max-snippet:-1, max-image-preview:large, max-video-preview:-1\" \/>\n<link rel=\"canonical\" href=\"https:\/\/olilagaiana.com\/reemborsaments_devolucions\/\" \/>\n<meta property=\"og:locale\" content=\"es_ES\" \/>\n<meta property=\"og:type\" content=\"article\" \/>\n<meta property=\"og:title\" content=\"Devoluciones y reembolsos | Aceite Lagaiana AOVE valenciano\" \/>\n<meta property=\"og:description\" content=\"Consulta nuestra pol\u00edtica de devoluciones y reembolsos. Compra aceite de oliva virgen extra con total confianza y facilita tu satisfacci\u00f3n.\" \/>\n<meta property=\"og:url\" content=\"https:\/\/olilagaiana.com\/reemborsaments_devolucions\/\" \/>\n<meta property=\"og:site_name\" content=\"Olilagaiana - Tienda de aceite de oliva virgen extra\" \/>\n<meta property=\"article:modified_time\" content=\"2025-06-06T09:41:19+00:00\" \/>\n<meta name=\"twitter:card\" content=\"summary_large_image\" \/>\n<meta name=\"twitter:label1\" content=\"Tiempo de lectura\" \/>\n\t<meta name=\"twitter:data1\" content=\"4 minutos\" \/>\n<script type=\"application\/ld+json\" class=\"yoast-schema-graph\">{\"@context\":\"https:\/\/schema.org\",\"@graph\":[{\"@type\":\"WebPage\",\"@id\":\"https:\/\/olilagaiana.com\/reemborsaments_devolucions\/\",\"url\":\"https:\/\/olilagaiana.com\/reemborsaments_devolucions\/\",\"name\":\"Devoluciones y reembolsos | Aceite Lagaiana AOVE valenciano\",\"isPartOf\":{\"@id\":\"https:\/\/olilagaiana.com\/#website\"},\"datePublished\":\"2025-05-07T04:53:08+00:00\",\"dateModified\":\"2025-06-06T09:41:19+00:00\",\"description\":\"Consulta nuestra pol\u00edtica de devoluciones y reembolsos. Compra aceite de oliva virgen extra con total confianza y facilita tu satisfacci\u00f3n.\",\"breadcrumb\":{\"@id\":\"https:\/\/olilagaiana.com\/reemborsaments_devolucions\/#breadcrumb\"},\"inLanguage\":\"es\",\"potentialAction\":[{\"@type\":\"ReadAction\",\"target\":[\"https:\/\/olilagaiana.com\/reemborsaments_devolucions\/\"]}]},{\"@type\":\"BreadcrumbList\",\"@id\":\"https:\/\/olilagaiana.com\/reemborsaments_devolucions\/#breadcrumb\",\"itemListElement\":[{\"@type\":\"ListItem\",\"position\":1,\"name\":\"Portada\",\"item\":\"https:\/\/olilagaiana.com\/es\/\"},{\"@type\":\"ListItem\",\"position\":2,\"name\":\"Devoluciones y reembolsos\"}]},{\"@type\":\"WebSite\",\"@id\":\"https:\/\/olilagaiana.com\/#website\",\"url\":\"https:\/\/olilagaiana.com\/\",\"name\":\"Olilagaiana - Tienda de aceite de oliva virgen extra\",\"description\":\"Compra on line en Tienda de Aove, regala Aove\",\"potentialAction\":[{\"@type\":\"SearchAction\",\"target\":{\"@type\":\"EntryPoint\",\"urlTemplate\":\"https:\/\/olilagaiana.com\/?s={search_term_string}\"},\"query-input\":{\"@type\":\"PropertyValueSpecification\",\"valueRequired\":true,\"valueName\":\"search_term_string\"}}],\"inLanguage\":\"es\"},{\"@type\":\"ImageObject\",\"inLanguage\":\"es\",\"@id\":\"https:\/\/olilagaiana.com\/reemborsaments_devolucions\/#local-main-organization-logo\",\"url\":\"\",\"contentUrl\":\"\",\"caption\":\"Olilagaiana - Tienda de aceite de oliva virgen extra\"}]}<\/script>\n<!-- \/ Yoast SEO plugin. -->","yoast_head_json":{"title":"Devoluciones y reembolsos | Aceite Lagaiana AOVE valenciano","description":"Consulta nuestra pol\u00edtica de devoluciones y reembolsos. Compra aceite de oliva virgen extra con total confianza y facilita tu satisfacci\u00f3n.","robots":{"index":"index","follow":"follow","max-snippet":"max-snippet:-1","max-image-preview":"max-image-preview:large","max-video-preview":"max-video-preview:-1"},"canonical":"https:\/\/olilagaiana.com\/reemborsaments_devolucions\/","og_locale":"es_ES","og_type":"article","og_title":"Devoluciones y reembolsos | Aceite Lagaiana AOVE valenciano","og_description":"Consulta nuestra pol\u00edtica de devoluciones y reembolsos. Compra aceite de oliva virgen extra con total confianza y facilita tu satisfacci\u00f3n.","og_url":"https:\/\/olilagaiana.com\/reemborsaments_devolucions\/","og_site_name":"Olilagaiana - Tienda de aceite de oliva virgen extra","article_modified_time":"2025-06-06T09:41:19+00:00","twitter_card":"summary_large_image","twitter_misc":{"Tiempo de lectura":"4 minutos"},"schema":{"@context":"https:\/\/schema.org","@graph":[{"@type":"WebPage","@id":"https:\/\/olilagaiana.com\/reemborsaments_devolucions\/","url":"https:\/\/olilagaiana.com\/reemborsaments_devolucions\/","name":"Devoluciones y reembolsos | Aceite Lagaiana AOVE valenciano","isPartOf":{"@id":"https:\/\/olilagaiana.com\/#website"},"datePublished":"2025-05-07T04:53:08+00:00","dateModified":"2025-06-06T09:41:19+00:00","description":"Consulta nuestra pol\u00edtica de devoluciones y reembolsos. Compra aceite de oliva virgen extra con total confianza y facilita tu satisfacci\u00f3n.","breadcrumb":{"@id":"https:\/\/olilagaiana.com\/reemborsaments_devolucions\/#breadcrumb"},"inLanguage":"es","potentialAction":[{"@type":"ReadAction","target":["https:\/\/olilagaiana.com\/reemborsaments_devolucions\/"]}]},{"@type":"BreadcrumbList","@id":"https:\/\/olilagaiana.com\/reemborsaments_devolucions\/#breadcrumb","itemListElement":[{"@type":"ListItem","position":1,"name":"Portada","item":"https:\/\/olilagaiana.com\/es\/"},{"@type":"ListItem","position":2,"name":"Devoluciones y reembolsos"}]},{"@type":"WebSite","@id":"https:\/\/olilagaiana.com\/#website","url":"https:\/\/olilagaiana.com\/","name":"Olilagaiana - Tienda de aceite de oliva virgen extra","description":"Compra on line en Tienda de Aove, regala Aove","potentialAction":[{"@type":"SearchAction","target":{"@type":"EntryPoint","urlTemplate":"https:\/\/olilagaiana.com\/?s={search_term_string}"},"query-input":{"@type":"PropertyValueSpecification","valueRequired":true,"valueName":"search_term_string"}}],"inLanguage":"es"},{"@type":"ImageObject","inLanguage":"es","@id":"https:\/\/olilagaiana.com\/reemborsaments_devolucions\/#local-main-organization-logo","url":"","contentUrl":"","caption":"Olilagaiana - Tienda de aceite de oliva virgen extra"}]}},"jetpack_sharing_enabled":true,"_links":{"self":[{"href":"https:\/\/olilagaiana.com\/es\/wp-json\/wp\/v2\/pages\/19454","targetHints":{"allow":["GET"]}}],"collection":[{"href":"https:\/\/olilagaiana.com\/es\/wp-json\/wp\/v2\/pages"}],"about":[{"href":"https:\/\/olilagaiana.com\/es\/wp-json\/wp\/v2\/types\/page"}],"author":[{"embeddable":true,"href":"https:\/\/olilagaiana.com\/es\/wp-json\/wp\/v2\/users\/1"}],"replies":[{"embeddable":true,"href":"https:\/\/olilagaiana.com\/es\/wp-json\/wp\/v2\/comments?post=19454"}],"version-history":[{"count":8,"href":"https:\/\/olilagaiana.com\/es\/wp-json\/wp\/v2\/pages\/19454\/revisions"}],"predecessor-version":[{"id":19938,"href":"https:\/\/olilagaiana.com\/es\/wp-json\/wp\/v2\/pages\/19454\/revisions\/19938"}],"wp:attachment":[{"href":"https:\/\/olilagaiana.com\/es\/wp-json\/wp\/v2\/media?parent=19454"}],"curies":[{"name":"wp","href":"https:\/\/api.w.org\/{rel}","templated":true}]}}